{"id":21878,"date":"2020-10-05T11:23:43","date_gmt":"2020-10-05T08:23:43","guid":{"rendered":"https:\/\/www.radiomarket.fi\/tuote\/ekua7561-tuntematon-tasavirta-kwt-mittari\/"},"modified":"2021-06-09T16:11:12","modified_gmt":"2021-06-09T13:11:12","slug":"ekua7561-tuntematon-tasavirta-kwt-mittari","status":"publish","type":"product","link":"https:\/\/www.radiomarket.fi\/en\/kohde\/ekua7561-tuntematon-tasavirta-kwt-mittari\/","title":{"rendered":"EKUA7561 Ef1 Tasavirta kwt mittari"},"content":{"rendered":"<p>Historiaa: \u201cMitannut Pengerjoella Karvisen voimalasta saatua s\u00e4hk\u00f6\u00e4 jossakin talossa.\u201d Melko huonokuntoinen.<\/p>","protected":false},"excerpt":{"rendered":"<p>Historiaa: \u201cMitannut Pengerjoella Karvisen voimalasta saatua s\u00e4hk\u00f6\u00e4 jossakin talossa.\u201d Melko huonokuntoinen.<\/p>","protected":false},"featured_media":9199,"template":"","meta":[],"_links":{"self":[{"href":"https:\/\/www.radiomarket.fi\/en\/wp-json\/wp\/v2\/product\/21878"}],"collection":[{"href":"https:\/\/www.radiomarket.fi\/en\/wp-json\/wp\/v2\/product"}],"about":[{"href":"https:\/\/www.radiomarket.fi\/en\/wp-json\/wp\/v2\/types\/product"}],"wp:featuredmedia":[{"embeddable":true,"href":"https:\/\/www.radiomarket.fi\/en\/wp-json\/wp\/v2\/media\/9199"}],"wp:attachment":[{"href":"https:\/\/www.radiomarket.fi\/en\/wp-json\/wp\/v2\/media?parent=21878"}],"curies":[{"name":"wp","href":"https:\/\/api.w.org\/{rel}","templated":true}]}}