{"id":21906,"date":"2020-10-05T11:23:56","date_gmt":"2020-10-05T08:23:56","guid":{"rendered":"https:\/\/www.radiomarket.fi\/tuote\/ekua7528-tartu-telefonivabrik-tangenttiluuri\/"},"modified":"2020-11-22T18:27:50","modified_gmt":"2020-11-22T16:27:50","slug":"ekua7528-tartu-telefonivabrik-tangenttiluuri","status":"publish","type":"product","link":"https:\/\/www.radiomarket.fi\/en\/kohde\/ekua7528-tartu-telefonivabrik-tangenttiluuri\/","title":{"rendered":"EKUA7528 Tartu Telefonivabrik Tangenttiluuri"},"content":{"rendered":"Kentt\u00e4puhelimesta? Johdossa din-liitin (ei alkuper\u00e4inen)","protected":false},"excerpt":{"rendered":"<p>Kentt\u00e4puhelimesta? Johdossa din-liitin (ei alkuper\u00e4inen)<\/p>","protected":false},"featured_media":9115,"template":"","meta":[],"_links":{"self":[{"href":"https:\/\/www.radiomarket.fi\/en\/wp-json\/wp\/v2\/product\/21906"}],"collection":[{"href":"https:\/\/www.radiomarket.fi\/en\/wp-json\/wp\/v2\/product"}],"about":[{"href":"https:\/\/www.radiomarket.fi\/en\/wp-json\/wp\/v2\/types\/product"}],"wp:featuredmedia":[{"embeddable":true,"href":"https:\/\/www.radiomarket.fi\/en\/wp-json\/wp\/v2\/media\/9115"}],"wp:attachment":[{"href":"https:\/\/www.radiomarket.fi\/en\/wp-json\/wp\/v2\/media?parent=21906"}],"curies":[{"name":"wp","href":"https:\/\/api.w.org\/{rel}","templated":true}]}}