{"id":21983,"date":"2020-10-05T11:24:35","date_gmt":"2020-10-05T08:24:35","guid":{"rendered":"https:\/\/www.radiomarket.fi\/tuote\/ekua7433-philips-autoradio\/"},"modified":"2022-09-06T10:04:35","modified_gmt":"2022-09-06T07:04:35","slug":"ekua7433-philips-autoradio","status":"publish","type":"product","link":"https:\/\/www.radiomarket.fi\/en\/kohde\/ekua7433-philips-autoradio\/","title":{"rendered":"EKUA7433 Philips Autoradio"},"content":{"rendered":"Ollut linja-autok\u00e4yt\u00f6ss\u00e4","protected":false},"excerpt":{"rendered":"<p>Ollut linja-autok\u00e4yt\u00f6ss\u00e4<\/p>","protected":false},"featured_media":8877,"template":"","meta":[],"_links":{"self":[{"href":"https:\/\/www.radiomarket.fi\/en\/wp-json\/wp\/v2\/product\/21983"}],"collection":[{"href":"https:\/\/www.radiomarket.fi\/en\/wp-json\/wp\/v2\/product"}],"about":[{"href":"https:\/\/www.radiomarket.fi\/en\/wp-json\/wp\/v2\/types\/product"}],"wp:featuredmedia":[{"embeddable":true,"href":"https:\/\/www.radiomarket.fi\/en\/wp-json\/wp\/v2\/media\/8877"}],"wp:attachment":[{"href":"https:\/\/www.radiomarket.fi\/en\/wp-json\/wp\/v2\/media?parent=21983"}],"curies":[{"name":"wp","href":"https:\/\/api.w.org\/{rel}","templated":true}]}}