{"id":22006,"date":"2020-10-05T11:24:47","date_gmt":"2020-10-05T08:24:47","guid":{"rendered":"https:\/\/www.radiomarket.fi\/tuote\/ekua7409-autophon-e-77\/"},"modified":"2024-03-01T08:53:18","modified_gmt":"2024-03-01T06:53:18","slug":"ekua7409-autophon-e-77","status":"publish","type":"product","link":"https:\/\/www.radiomarket.fi\/en\/kohde\/ekua7409-autophon-e-77\/","title":{"rendered":"EKUA7409 Autophon E-77 s\u00e4\u00e4t\u00f6kondensaattori NOS (EKUB)"},"content":{"rendered":"<p>Liikennevastaanottimesta, uusi.<\/p>","protected":false},"excerpt":{"rendered":"<p>Liikennevastaanottimesta, uusi.<\/p>","protected":false},"featured_media":8805,"template":"","meta":[],"_links":{"self":[{"href":"https:\/\/www.radiomarket.fi\/en\/wp-json\/wp\/v2\/product\/22006"}],"collection":[{"href":"https:\/\/www.radiomarket.fi\/en\/wp-json\/wp\/v2\/product"}],"about":[{"href":"https:\/\/www.radiomarket.fi\/en\/wp-json\/wp\/v2\/types\/product"}],"wp:featuredmedia":[{"embeddable":true,"href":"https:\/\/www.radiomarket.fi\/en\/wp-json\/wp\/v2\/media\/8805"}],"wp:attachment":[{"href":"https:\/\/www.radiomarket.fi\/en\/wp-json\/wp\/v2\/media?parent=22006"}],"curies":[{"name":"wp","href":"https:\/\/api.w.org\/{rel}","templated":true}]}}