{"id":22016,"date":"2020-10-05T11:24:53","date_gmt":"2020-10-05T08:24:53","guid":{"rendered":"https:\/\/www.radiomarket.fi\/tuote\/ekua7398-mobira-190\/"},"modified":"2020-10-05T11:24:53","modified_gmt":"2020-10-05T08:24:53","slug":"ekua7398-mobira-190","status":"publish","type":"product","link":"https:\/\/www.radiomarket.fi\/en\/kohde\/ekua7398-mobira-190\/","title":{"rendered":"EKUA7398 Mobira 190"},"content":{"rendered":"L\u00e4hes k\u00e4ytt\u00e4m\u00e4t\u00f6n, t\u00e4ydellinen","protected":false},"excerpt":{"rendered":"<p>L\u00e4hes k\u00e4ytt\u00e4m\u00e4t\u00f6n, t\u00e4ydellinen<\/p>","protected":false},"featured_media":8774,"template":"","meta":[],"_links":{"self":[{"href":"https:\/\/www.radiomarket.fi\/en\/wp-json\/wp\/v2\/product\/22016"}],"collection":[{"href":"https:\/\/www.radiomarket.fi\/en\/wp-json\/wp\/v2\/product"}],"about":[{"href":"https:\/\/www.radiomarket.fi\/en\/wp-json\/wp\/v2\/types\/product"}],"wp:featuredmedia":[{"embeddable":true,"href":"https:\/\/www.radiomarket.fi\/en\/wp-json\/wp\/v2\/media\/8774"}],"wp:attachment":[{"href":"https:\/\/www.radiomarket.fi\/en\/wp-json\/wp\/v2\/media?parent=22016"}],"curies":[{"name":"wp","href":"https:\/\/api.w.org\/{rel}","templated":true}]}}