{"id":22026,"date":"2020-10-05T11:24:58","date_gmt":"2020-10-05T08:24:58","guid":{"rendered":"https:\/\/www.radiomarket.fi\/tuote\/ekua7388-muu-taulu\/"},"modified":"2020-10-05T11:24:58","modified_gmt":"2020-10-05T08:24:58","slug":"ekua7388-muu-taulu","status":"publish","type":"product","link":"https:\/\/www.radiomarket.fi\/en\/kohde\/ekua7388-muu-taulu\/","title":{"rendered":"EKUA7388 Muu Taulu"},"content":{"rendered":"Hiili. Miehen profiili. K. J\u00e4\u00e4skel\u00e4inen","protected":false},"excerpt":{"rendered":"<p>Hiili. Miehen profiili. K. J\u00e4\u00e4skel\u00e4inen<\/p>","protected":false},"featured_media":8743,"template":"","meta":[],"_links":{"self":[{"href":"https:\/\/www.radiomarket.fi\/en\/wp-json\/wp\/v2\/product\/22026"}],"collection":[{"href":"https:\/\/www.radiomarket.fi\/en\/wp-json\/wp\/v2\/product"}],"about":[{"href":"https:\/\/www.radiomarket.fi\/en\/wp-json\/wp\/v2\/types\/product"}],"wp:featuredmedia":[{"embeddable":true,"href":"https:\/\/www.radiomarket.fi\/en\/wp-json\/wp\/v2\/media\/8743"}],"wp:attachment":[{"href":"https:\/\/www.radiomarket.fi\/en\/wp-json\/wp\/v2\/media?parent=22026"}],"curies":[{"name":"wp","href":"https:\/\/api.w.org\/{rel}","templated":true}]}}