{"id":22060,"date":"2020-10-05T11:25:13","date_gmt":"2020-10-05T08:25:13","guid":{"rendered":"https:\/\/www.radiomarket.fi\/tuote\/ekua7349-helvar-pcoc4\/"},"modified":"2020-10-05T11:25:13","modified_gmt":"2020-10-05T08:25:13","slug":"ekua7349-helvar-pcoc4","status":"publish","type":"product","link":"https:\/\/www.radiomarket.fi\/en\/kohde\/ekua7349-helvar-pcoc4\/","title":{"rendered":"EKUA7349 Helvar PC\u00d6C4"},"content":{"rendered":"L\u00e4hettimest\u00e4. 1500\/4500V.","protected":false},"excerpt":{"rendered":"<p>L\u00e4hettimest\u00e4. 1500\/4500V.<\/p>","protected":false},"featured_media":8657,"template":"","meta":[],"_links":{"self":[{"href":"https:\/\/www.radiomarket.fi\/en\/wp-json\/wp\/v2\/product\/22060"}],"collection":[{"href":"https:\/\/www.radiomarket.fi\/en\/wp-json\/wp\/v2\/product"}],"about":[{"href":"https:\/\/www.radiomarket.fi\/en\/wp-json\/wp\/v2\/types\/product"}],"wp:featuredmedia":[{"embeddable":true,"href":"https:\/\/www.radiomarket.fi\/en\/wp-json\/wp\/v2\/media\/8657"}],"wp:attachment":[{"href":"https:\/\/www.radiomarket.fi\/en\/wp-json\/wp\/v2\/media?parent=22060"}],"curies":[{"name":"wp","href":"https:\/\/api.w.org\/{rel}","templated":true}]}}