{"id":22067,"date":"2020-10-05T11:25:16","date_gmt":"2020-10-05T08:25:16","guid":{"rendered":"https:\/\/www.radiomarket.fi\/tuote\/ekua7341-luma-lt31k26\/"},"modified":"2020-10-05T11:25:16","modified_gmt":"2020-10-05T08:25:16","slug":"ekua7341-luma-lt31k26","status":"publish","type":"product","link":"https:\/\/www.radiomarket.fi\/en\/kohde\/ekua7341-luma-lt31k26\/","title":{"rendered":"EKUA7341 Luma LT31K26"},"content":{"rendered":"J\u00e4ljell\u00e4 antenni, nuppeja, ruuveja, tyyppikilpi ym osaa","protected":false},"excerpt":{"rendered":"<p>J\u00e4ljell\u00e4 antenni, nuppeja, ruuveja, tyyppikilpi ym osaa<\/p>","protected":false},"featured_media":8649,"template":"","meta":[],"_links":{"self":[{"href":"https:\/\/www.radiomarket.fi\/en\/wp-json\/wp\/v2\/product\/22067"}],"collection":[{"href":"https:\/\/www.radiomarket.fi\/en\/wp-json\/wp\/v2\/product"}],"about":[{"href":"https:\/\/www.radiomarket.fi\/en\/wp-json\/wp\/v2\/types\/product"}],"wp:featuredmedia":[{"embeddable":true,"href":"https:\/\/www.radiomarket.fi\/en\/wp-json\/wp\/v2\/media\/8649"}],"wp:attachment":[{"href":"https:\/\/www.radiomarket.fi\/en\/wp-json\/wp\/v2\/media?parent=22067"}],"curies":[{"name":"wp","href":"https:\/\/api.w.org\/{rel}","templated":true}]}}