{"id":22084,"date":"2020-10-05T11:25:22","date_gmt":"2020-10-05T08:25:22","guid":{"rendered":"https:\/\/www.radiomarket.fi\/tuote\/ekua7322-blaupunkt-boston-rcc45\/"},"modified":"2023-01-01T19:46:08","modified_gmt":"2023-01-01T17:46:08","slug":"ekua7322-blaupunkt-boston-rcc45","status":"publish","type":"product","link":"https:\/\/www.radiomarket.fi\/en\/kohde\/ekua7322-blaupunkt-boston-rcc45\/","title":{"rendered":"EKUA7322 Blaupunkt Boston RCC45 (EKUM)"},"content":{"rendered":"<p>Liittimen muoviosa poikkeaa hieman 2000-luvun alkupuolen Blaupunkt (vuosi 2002) ja Siemens VDO-autoradioista (vuosi 2006). Muovikehyksess\u00e4 on yksi v\u00e4k\u00e4nen eri kohdassa. Ei sovi suoraan tuon aikakauden Blaupunkt \/ Siemens VDO autoradion paikalle ilman veistely\u00e4. T\u00e4m\u00e4 myyt\u00e4v\u00e4 radio on kotelon merkint\u00f6jen perusteella vuodelta 1995.<\/p><p>P\u00e4\u00e4llisin puolin varsin siisti. Myyd\u00e4\u00e4n testaamattomana t\u00e4h\u00e4n hintaan. Tuotteeseen tulee t\u00e4h\u00e4n hintaan mukaan my\u00f6s nippu radioon liittyvi\u00e4 dokumentteja, mm. k\u00e4ytt\u00f6ohje.<\/p>","protected":false},"excerpt":{"rendered":"<p>Liittimen muoviosa poikkeaa hieman 2000-luvun alkupuolen Blaupunkt (vuosi 2002) ja Siemens VDO-autoradioista (vuosi 2006). Muovikehyksess\u00e4 on yksi v\u00e4k\u00e4nen eri kohdassa. Ei sovi suoraan tuon aikakauden Blaupunkt \/ Siemens VDO autoradion paikalle ilman veistely\u00e4. T\u00e4m\u00e4 myyt\u00e4v\u00e4 radio on kotelon merkint\u00f6jen perusteella vuodelta 1995.P\u00e4\u00e4llisin puolin varsin siisti. Myyd\u00e4\u00e4n testaamattomana t\u00e4h\u00e4n hintaan. Tuotteeseen tulee t\u00e4h\u00e4n hintaan mukaan my\u00f6s &hellip;<\/p>\n<p class=\"read-more\"> <a class=\"thunk-readmore button\" href=\"https:\/\/www.radiomarket.fi\/en\/kohde\/ekua7322-blaupunkt-boston-rcc45\/\"> <span class=\"screen-reader-text\">EKUA7322 Blaupunkt Boston RCC45 (EKUM)<\/span>Read More<\/a><\/p>","protected":false},"featured_media":8618,"template":"","meta":[],"_links":{"self":[{"href":"https:\/\/www.radiomarket.fi\/en\/wp-json\/wp\/v2\/product\/22084"}],"collection":[{"href":"https:\/\/www.radiomarket.fi\/en\/wp-json\/wp\/v2\/product"}],"about":[{"href":"https:\/\/www.radiomarket.fi\/en\/wp-json\/wp\/v2\/types\/product"}],"wp:featuredmedia":[{"embeddable":true,"href":"https:\/\/www.radiomarket.fi\/en\/wp-json\/wp\/v2\/media\/8618"}],"wp:attachment":[{"href":"https:\/\/www.radiomarket.fi\/en\/wp-json\/wp\/v2\/media?parent=22084"}],"curies":[{"name":"wp","href":"https:\/\/api.w.org\/{rel}","templated":true}]}}