{"id":22102,"date":"2024-09-25T10:05:27","date_gmt":"2024-09-25T07:05:27","guid":{"rendered":"https:\/\/www.radiomarket.fi\/tuote\/ekua7304-tuntematon-bertta\/"},"modified":"2025-06-27T15:44:27","modified_gmt":"2025-06-27T12:44:27","slug":"ekua7304-bertta-valikaapeli-liittimineen","status":"publish","type":"product","link":"https:\/\/www.radiomarket.fi\/en\/kohde\/ekua7304-bertta-valikaapeli-liittimineen\/","title":{"rendered":"EKUA7304 Bertta v\u00e4likaapeli liittimineen (EKUS)"},"content":{"rendered":"<p>Virtajohdon liittimi\u00e4, koiras + naaras lyhyess\u00e4 johtimessa. Urosliitin toisessa p\u00e4\u00e4ss\u00e4. Naarasliitin toisessa p\u00e4\u00e4ss\u00e4. Paksu tukeva kaapeli n. 15 cm niiden v\u00e4liss\u00e4. Liitin 5-pin. Liittimien sopivuus: esim. Bertta.<\/p>","protected":false},"excerpt":{"rendered":"<p>Virtajohdon liittimi\u00e4, koiras + naaras lyhyess\u00e4 johtimessa. Urosliitin toisessa p\u00e4\u00e4ss\u00e4. Naarasliitin toisessa p\u00e4\u00e4ss\u00e4. Paksu tukeva kaapeli n. 15 cm niiden v\u00e4liss\u00e4. Liitin 5-pin. Liittimien sopivuus: esim. Bertta.<\/p>","protected":false},"featured_media":8599,"template":"","meta":[],"_links":{"self":[{"href":"https:\/\/www.radiomarket.fi\/en\/wp-json\/wp\/v2\/product\/22102"}],"collection":[{"href":"https:\/\/www.radiomarket.fi\/en\/wp-json\/wp\/v2\/product"}],"about":[{"href":"https:\/\/www.radiomarket.fi\/en\/wp-json\/wp\/v2\/types\/product"}],"wp:featuredmedia":[{"embeddable":true,"href":"https:\/\/www.radiomarket.fi\/en\/wp-json\/wp\/v2\/media\/8599"}],"wp:attachment":[{"href":"https:\/\/www.radiomarket.fi\/en\/wp-json\/wp\/v2\/media?parent=22102"}],"curies":[{"name":"wp","href":"https:\/\/api.w.org\/{rel}","templated":true}]}}