{"id":22131,"date":"2025-10-06T11:25:38","date_gmt":"2025-10-06T08:25:38","guid":{"rendered":"https:\/\/www.radiomarket.fi\/tuote\/ekua7273-tuntematon-painonappeja\/"},"modified":"2025-10-15T07:33:09","modified_gmt":"2025-10-15T04:33:09","slug":"ekua7273-tuntematon-painonappeja","status":"publish","type":"product","link":"https:\/\/www.radiomarket.fi\/en\/kohde\/ekua7273-tuntematon-painonappeja\/","title":{"rendered":"EKUA7273 Paristoputkiradion valokytkimen painonappi (EKUS)"},"content":{"rendered":"<p>Ei kytkinosaa, ei peltimutteria. K\u00e4ytettyj\u00e4 purkulaitteista purettuja. Kirjetoimitus. Kierreosan halkaisija n. 13mm ja runkoa vasten tulevan osan halkaisija n. 20mm.<br \/><br \/>Tuote vaikuttaa sopivan malleihin<br \/>Helvar Partio<br \/>Helvar Paristo 462P<\/p><p>Asiakkaan tulee varmistaa sopivuus ennen tilauksen tekemist\u00e4, meid\u00e4n arviomme perustuu pelkk\u00e4\u00e4n saatavilla olevien kuvien vertaamiseen ja museoesineen restaurointiin, jossa vaihdettiin t\u00e4m\u00e4 osa kokonaisuudessaan painonapin puuttuessa. Pelkk\u00e4 painonappi ei t\u00e4st\u00e4 tuotteesta sopinut suoraan Helvar Partio -mallisen radion paikallaan olevan painonapin runkoon paksuutensa puolesta. N\u00e4it\u00e4 on saatettu siis valmistaa kahta hieman erikokoista er\u00e4\u00e4.<\/p>","protected":false},"excerpt":{"rendered":"<p>Kirjetoimitustuotteita kannattaa tilata useampi samalla kertaa, toimituskulut nousevat vain \u20ac0,10 per lis\u00e4tty tuote (v. 2024 hinnaston mukaan).<\/p>","protected":false},"featured_media":8559,"template":"","meta":[],"_links":{"self":[{"href":"https:\/\/www.radiomarket.fi\/en\/wp-json\/wp\/v2\/product\/22131"}],"collection":[{"href":"https:\/\/www.radiomarket.fi\/en\/wp-json\/wp\/v2\/product"}],"about":[{"href":"https:\/\/www.radiomarket.fi\/en\/wp-json\/wp\/v2\/types\/product"}],"wp:featuredmedia":[{"embeddable":true,"href":"https:\/\/www.radiomarket.fi\/en\/wp-json\/wp\/v2\/media\/8559"}],"wp:attachment":[{"href":"https:\/\/www.radiomarket.fi\/en\/wp-json\/wp\/v2\/media?parent=22131"}],"curies":[{"name":"wp","href":"https:\/\/api.w.org\/{rel}","templated":true}]}}