{"id":22145,"date":"2024-03-26T12:25:44","date_gmt":"2024-03-26T10:25:44","guid":{"rendered":"https:\/\/www.radiomarket.fi\/tuote\/ekua7259-nokia-1610-nhe-5sx\/"},"modified":"2024-03-26T12:29:24","modified_gmt":"2024-03-26T10:29:24","slug":"ekua7259-nokia-1610-nhe-5sx","status":"publish","type":"product","link":"https:\/\/www.radiomarket.fi\/en\/kohde\/ekua7259-nokia-1610-nhe-5sx\/","title":{"rendered":"EKUA7259 Nokia 1610 (NHE-5SX) (EKUM)"},"content":{"rendered":"<p>T\u00e4st\u00e4 voidaan luopua, sill\u00e4 museokokoelmassa on vastaava siistikuntoinen esine. Akku sopii malleihin Nokia 1610 \/ 1611 \/ 1630.<\/p>","protected":false},"excerpt":{"rendered":"<p>T\u00e4st\u00e4 voidaan luopua, sill\u00e4 museokokoelmassa on vastaava siistikuntoinen esine. Akku sopii malleihin Nokia 1610 \/ 1611 \/ 1630.<\/p>","protected":false},"featured_media":8535,"template":"","meta":[],"_links":{"self":[{"href":"https:\/\/www.radiomarket.fi\/en\/wp-json\/wp\/v2\/product\/22145"}],"collection":[{"href":"https:\/\/www.radiomarket.fi\/en\/wp-json\/wp\/v2\/product"}],"about":[{"href":"https:\/\/www.radiomarket.fi\/en\/wp-json\/wp\/v2\/types\/product"}],"wp:featuredmedia":[{"embeddable":true,"href":"https:\/\/www.radiomarket.fi\/en\/wp-json\/wp\/v2\/media\/8535"}],"wp:attachment":[{"href":"https:\/\/www.radiomarket.fi\/en\/wp-json\/wp\/v2\/media?parent=22145"}],"curies":[{"name":"wp","href":"https:\/\/api.w.org\/{rel}","templated":true}]}}