{"id":22167,"date":"2026-02-18T11:25:55","date_gmt":"2026-02-18T09:25:55","guid":{"rendered":"https:\/\/www.radiomarket.fi\/tuote\/ekua7230-tuntematon-puhelintarvikkeita\/"},"modified":"2026-02-25T15:26:34","modified_gmt":"2026-02-25T13:26:34","slug":"ekua7230-tuntematon-puhelintarvikkeita","status":"publish","type":"product","link":"https:\/\/www.radiomarket.fi\/en\/kohde\/ekua7230-tuntematon-puhelintarvikkeita\/","title":{"rendered":"EKUA7230 erilaisia puhelintarvikkeita (EKUM)"},"content":{"rendered":"<p>Myyty toinen hiilimikrofoni, puhesuppilo ilman sen ymp\u00e4rill\u00e4 olevaa kierteellist\u00e4 rengasta (n\u00e4m\u00e4 eiv\u00e4t olleet pari), kampi ja pohjalevy.<\/p><p>&nbsp;<\/p><p>J\u00e4ljell\u00e4 oleva hiilimikrofoni AKG DKO48.<\/p>","protected":false},"excerpt":{"rendered":"<p>Myyty toinen hiilimikrofoni, puhesuppilo ilman sen ymp\u00e4rill\u00e4 olevaa kierteellist\u00e4 rengasta (n\u00e4m\u00e4 eiv\u00e4t olleet pari), kampi ja pohjalevy.&nbsp;J\u00e4ljell\u00e4 oleva hiilimikrofoni AKG DKO48.<\/p>","protected":false},"featured_media":8460,"template":"","meta":[],"_links":{"self":[{"href":"https:\/\/www.radiomarket.fi\/en\/wp-json\/wp\/v2\/product\/22167"}],"collection":[{"href":"https:\/\/www.radiomarket.fi\/en\/wp-json\/wp\/v2\/product"}],"about":[{"href":"https:\/\/www.radiomarket.fi\/en\/wp-json\/wp\/v2\/types\/product"}],"wp:featuredmedia":[{"embeddable":true,"href":"https:\/\/www.radiomarket.fi\/en\/wp-json\/wp\/v2\/media\/8460"}],"wp:attachment":[{"href":"https:\/\/www.radiomarket.fi\/en\/wp-json\/wp\/v2\/media?parent=22167"}],"curies":[{"name":"wp","href":"https:\/\/api.w.org\/{rel}","templated":true}]}}