{"id":22172,"date":"2020-10-05T11:25:56","date_gmt":"2020-10-05T08:25:56","guid":{"rendered":"https:\/\/www.radiomarket.fi\/tuote\/ekua7224-tuntematon-posliiniantennieristimia\/"},"modified":"2024-03-08T11:49:25","modified_gmt":"2024-03-08T09:49:25","slug":"ekua7224-posliinisia-antennieristimia","status":"publish","type":"product","link":"https:\/\/www.radiomarket.fi\/en\/kohde\/ekua7224-posliinisia-antennieristimia\/","title":{"rendered":"EKUA7224 Posliininen antennieristin vihre\u00e4 (EKUM)"},"content":{"rendered":"<p>K\u00e4ytettyj\u00e4. K\u00e4yt\u00f6n j\u00e4lke\u00e4.\u00a0<br \/><br \/><strong>Saatavuus:<\/strong> <br \/>4 kpl armeijan vihreit\u00e4 munaeristimi\u00e4. Lis\u00e4ksi yksi kappale tuotenumerolla EKUA9804.<br \/>0 kpl valkoisia munaeristimi\u00e4 <strong>LOPPU! <\/strong>Katso valkoiset omalla tuotenumerolla EKUA9804.<br \/>2 kpl neuvostoliittolaisia pitkulaisia eristimi\u00e4<br \/><br \/><\/p><p>Munaeristin<br \/>P\u00e4ssinkives<\/p>","protected":false},"excerpt":{"rendered":"<p>K\u00e4ytettyj\u00e4. K\u00e4yt\u00f6n j\u00e4lke\u00e4.\u00a0Saatavuus: 4 kpl armeijan vihreit\u00e4 munaeristimi\u00e4. Lis\u00e4ksi yksi kappale tuotenumerolla EKUA9804.0 kpl valkoisia munaeristimi\u00e4 LOPPU! Katso valkoiset omalla tuotenumerolla EKUA9804.2 kpl neuvostoliittolaisia pitkulaisia eristimi\u00e4MunaeristinP\u00e4ssinkives<\/p>","protected":false},"featured_media":45630,"template":"","meta":[],"_links":{"self":[{"href":"https:\/\/www.radiomarket.fi\/en\/wp-json\/wp\/v2\/product\/22172"}],"collection":[{"href":"https:\/\/www.radiomarket.fi\/en\/wp-json\/wp\/v2\/product"}],"about":[{"href":"https:\/\/www.radiomarket.fi\/en\/wp-json\/wp\/v2\/types\/product"}],"wp:featuredmedia":[{"embeddable":true,"href":"https:\/\/www.radiomarket.fi\/en\/wp-json\/wp\/v2\/media\/45630"}],"wp:attachment":[{"href":"https:\/\/www.radiomarket.fi\/en\/wp-json\/wp\/v2\/media?parent=22172"}],"curies":[{"name":"wp","href":"https:\/\/api.w.org\/{rel}","templated":true}]}}