{"id":22188,"date":"2023-08-04T15:27:03","date_gmt":"2023-08-04T12:27:03","guid":{"rendered":"https:\/\/www.radiomarket.fi\/tuote\/ekua7202-ericsson-1-dlg\/"},"modified":"2023-08-04T15:27:20","modified_gmt":"2023-08-04T12:27:20","slug":"ekua7202-ericsson-1-dlg","status":"publish","type":"product","link":"https:\/\/www.radiomarket.fi\/en\/kohde\/ekua7202-ericsson-1-dlg\/","title":{"rendered":"EKUA7202 Ericsson Dialog 1\/DLG (EKUM)"},"content":{"rendered":"<p>Punaisia 2kpl , harmaita 3 kpl ja vaalean kellert\u00e4vi\u00e4 5 kpl. Yhdest\u00e4 harmaasta myyty molemmat kapselit varaosaksi. Muita ei tutkittu tarkemmin. Kerrothan ostaessasi mink\u00e4 puhelimista haluat.<\/p>","protected":false},"excerpt":{"rendered":"<p>Punaisia 2kpl , harmaita 3 kpl ja vaalean kellert\u00e4vi\u00e4 5 kpl. Yhdest\u00e4 harmaasta myyty molemmat kapselit varaosaksi. Muita ei tutkittu tarkemmin. Kerrothan ostaessasi mink\u00e4 puhelimista haluat.<\/p>","protected":false},"featured_media":8410,"template":"","meta":[],"_links":{"self":[{"href":"https:\/\/www.radiomarket.fi\/en\/wp-json\/wp\/v2\/product\/22188"}],"collection":[{"href":"https:\/\/www.radiomarket.fi\/en\/wp-json\/wp\/v2\/product"}],"about":[{"href":"https:\/\/www.radiomarket.fi\/en\/wp-json\/wp\/v2\/types\/product"}],"wp:featuredmedia":[{"embeddable":true,"href":"https:\/\/www.radiomarket.fi\/en\/wp-json\/wp\/v2\/media\/8410"}],"wp:attachment":[{"href":"https:\/\/www.radiomarket.fi\/en\/wp-json\/wp\/v2\/media?parent=22188"}],"curies":[{"name":"wp","href":"https:\/\/api.w.org\/{rel}","templated":true}]}}