{"id":22197,"date":"2020-10-05T11:26:08","date_gmt":"2020-10-05T08:26:08","guid":{"rendered":"https:\/\/www.radiomarket.fi\/tuote\/ekua7190-finnsattelestetuntematon-taajuusmuuntaja-konvertteri\/"},"modified":"2021-10-20T10:34:26","modified_gmt":"2021-10-20T07:34:26","slug":"ekua7190-finnsattelestetuntematon-taajuusmuuntaja-konvertteri","status":"publish","type":"product","link":"https:\/\/www.radiomarket.fi\/en\/kohde\/ekua7190-finnsattelestetuntematon-taajuusmuuntaja-konvertteri\/","title":{"rendered":"EKUA7190 Finnsat \/ Teleste taajuusmuunnin (konvertteri) (EKUM)"},"content":{"rendered":"<p><strong>J\u00e4ljell\u00e4 seuraavat:<\/strong><br \/><br \/>1 kpl Finnsat FST 12 (Low Noise Converter SMW LNB 1208, Frequency Range 11.7-12.75 GHz)<br \/>2 kpl Teleste SAT 538<br \/>1 kpl Finnsat WDL-1000B<br \/>1 kpl Finnsat FST 11-12<br \/>Lis\u00e4ksi 1 kpl Finnsat FST 12, johon kirjattu &#8220;d\u00e5ligt p\u00e5 1265 MHz&#8221;<br \/><br \/>Tilatessasi kerrothan, mink\u00e4 j\u00e4ljell\u00e4 olevista haluat.<\/p>","protected":false},"excerpt":{"rendered":"<p>J\u00e4ljell\u00e4 seuraavat:1 kpl Finnsat FST 12 (Low Noise Converter SMW LNB 1208, Frequency Range 11.7-12.75 GHz)2 kpl Teleste SAT 5381 kpl Finnsat WDL-1000B1 kpl Finnsat FST 11-12Lis\u00e4ksi 1 kpl Finnsat FST 12, johon kirjattu &#8220;d\u00e5ligt p\u00e5 1265 MHz&#8221;Tilatessasi kerrothan, mink\u00e4 j\u00e4ljell\u00e4 olevista haluat.<\/p>","protected":false},"featured_media":8380,"template":"","meta":[],"_links":{"self":[{"href":"https:\/\/www.radiomarket.fi\/en\/wp-json\/wp\/v2\/product\/22197"}],"collection":[{"href":"https:\/\/www.radiomarket.fi\/en\/wp-json\/wp\/v2\/product"}],"about":[{"href":"https:\/\/www.radiomarket.fi\/en\/wp-json\/wp\/v2\/types\/product"}],"wp:featuredmedia":[{"embeddable":true,"href":"https:\/\/www.radiomarket.fi\/en\/wp-json\/wp\/v2\/media\/8380"}],"wp:attachment":[{"href":"https:\/\/www.radiomarket.fi\/en\/wp-json\/wp\/v2\/media?parent=22197"}],"curies":[{"name":"wp","href":"https:\/\/api.w.org\/{rel}","templated":true}]}}