{"id":22206,"date":"2020-10-05T11:26:14","date_gmt":"2020-10-05T08:26:14","guid":{"rendered":"https:\/\/www.radiomarket.fi\/tuote\/ekua7181-philips-310a\/"},"modified":"2025-10-04T19:17:19","modified_gmt":"2025-10-04T16:17:19","slug":"ekua7181-philips-310a","status":"publish","type":"product","link":"https:\/\/www.radiomarket.fi\/en\/kohde\/ekua7181-philips-310a\/","title":{"rendered":"EKUA7181 Philips 310A (EKUM)"},"content":{"rendered":"<p>Kysy tarvitsemiasi varaosia. Hinta t\u00e4st\u00e4 saatavien varaosien arvioitu kokonaishinta. Loppu radiokin voidaan tarvittaessa myyd\u00e4 t\u00e4h\u00e4n hintaan ilman putkia.<strong><br \/><br \/>Ainakin seuraavat osat purettu, puuttuvat tai huonoja:<\/strong><br \/><br \/>Merkki puuttuu edest\u00e4<br \/>takakansi huono, pala pois<br \/>Kaiutin puuttuu<br \/>tasasuuntausputki, ECH42 puuttuu<br \/>Verkkomuuntaja puoliksi irrallaan<br \/>Asteikkonaru poikki<br \/>Pohjalevy puuttuu<\/p>","protected":false},"excerpt":{"rendered":"<p>Kysy tarvitsemiasi varaosia. Hinta t\u00e4st\u00e4 saatavien varaosien arvioitu kokonaishinta. Loppu radiokin voidaan tarvittaessa myyd\u00e4 t\u00e4h\u00e4n hintaan ilman putkia.Ainakin seuraavat osat purettu, puuttuvat tai huonoja:Merkki puuttuu edest\u00e4takakansi huono, pala poisKaiutin puuttuutasasuuntausputki, ECH42 puuttuuVerkkomuuntaja puoliksi irrallaanAsteikkonaru poikkiPohjalevy puuttuu<\/p>","protected":false},"featured_media":8338,"template":"","meta":[],"_links":{"self":[{"href":"https:\/\/www.radiomarket.fi\/en\/wp-json\/wp\/v2\/product\/22206"}],"collection":[{"href":"https:\/\/www.radiomarket.fi\/en\/wp-json\/wp\/v2\/product"}],"about":[{"href":"https:\/\/www.radiomarket.fi\/en\/wp-json\/wp\/v2\/types\/product"}],"wp:featuredmedia":[{"embeddable":true,"href":"https:\/\/www.radiomarket.fi\/en\/wp-json\/wp\/v2\/media\/8338"}],"wp:attachment":[{"href":"https:\/\/www.radiomarket.fi\/en\/wp-json\/wp\/v2\/media?parent=22206"}],"curies":[{"name":"wp","href":"https:\/\/api.w.org\/{rel}","templated":true}]}}