{"id":22212,"date":"2020-10-05T11:26:18","date_gmt":"2020-10-05T08:26:18","guid":{"rendered":"https:\/\/www.radiomarket.fi\/tuote\/ekua7175-bruel-kjaer-pistonphone-4220\/"},"modified":"2022-07-17T16:54:13","modified_gmt":"2022-07-17T13:54:13","slug":"ekua7175-bruel-kjaer-pistonphone-4220","status":"publish","type":"product","link":"https:\/\/www.radiomarket.fi\/en\/kohde\/ekua7175-bruel-kjaer-pistonphone-4220\/","title":{"rendered":"EKUA7175 Br\u00fcel &amp; Kj\u00e6r Pistonphone 4220"},"content":{"rendered":"Ter\u00e4ksinen sauva, jossa kaksi rengasta ymp\u00e4rill\u00e4. Toisessa p\u00e4\u00e4ss\u00e4 ura ja melko syv\u00e4 reik\u00e4, johon jotakin otaksuttavasti kiinnitet\u00e4\u00e4n. Tuotetietoa: \r\nhttp:\/\/ims.si\/documents\/4220_product_data.pdf","protected":false},"excerpt":{"rendered":"<p>Ter\u00e4ksinen sauva, jossa kaksi rengasta ymp\u00e4rill\u00e4. Toisessa p\u00e4\u00e4ss\u00e4 ura ja melko syv\u00e4 reik\u00e4, johon jotakin otaksuttavasti kiinnitet\u00e4\u00e4n. Tuotetietoa: http:\/\/ims.si\/documents\/4220_product_data.pdf<\/p>","protected":false},"featured_media":8306,"template":"","meta":[],"_links":{"self":[{"href":"https:\/\/www.radiomarket.fi\/en\/wp-json\/wp\/v2\/product\/22212"}],"collection":[{"href":"https:\/\/www.radiomarket.fi\/en\/wp-json\/wp\/v2\/product"}],"about":[{"href":"https:\/\/www.radiomarket.fi\/en\/wp-json\/wp\/v2\/types\/product"}],"wp:featuredmedia":[{"embeddable":true,"href":"https:\/\/www.radiomarket.fi\/en\/wp-json\/wp\/v2\/media\/8306"}],"wp:attachment":[{"href":"https:\/\/www.radiomarket.fi\/en\/wp-json\/wp\/v2\/media?parent=22212"}],"curies":[{"name":"wp","href":"https:\/\/api.w.org\/{rel}","templated":true}]}}