{"id":22214,"date":"2020-10-05T11:26:19","date_gmt":"2020-10-05T08:26:19","guid":{"rendered":"https:\/\/www.radiomarket.fi\/tuote\/ekua7173-jabra-bt2050\/"},"modified":"2020-10-05T11:26:19","modified_gmt":"2020-10-05T08:26:19","slug":"ekua7173-jabra-bt2050","status":"publish","type":"product","link":"https:\/\/www.radiomarket.fi\/en\/kohde\/ekua7173-jabra-bt2050\/","title":{"rendered":"EKUA7173 Jabra BT2050"},"content":{"rendered":"Alkuper\u00e4ises\u00e4 pakkauksessa korvanappi, laturi ja k\u00e4ytt\u00f6ohje. Korvanappi kastunut ja osin viallinen.","protected":false},"excerpt":{"rendered":"<p>Alkuper\u00e4ises\u00e4 pakkauksessa korvanappi, laturi ja k\u00e4ytt\u00f6ohje. Korvanappi kastunut ja osin viallinen.<\/p>","protected":false},"featured_media":8301,"template":"","meta":[],"_links":{"self":[{"href":"https:\/\/www.radiomarket.fi\/en\/wp-json\/wp\/v2\/product\/22214"}],"collection":[{"href":"https:\/\/www.radiomarket.fi\/en\/wp-json\/wp\/v2\/product"}],"about":[{"href":"https:\/\/www.radiomarket.fi\/en\/wp-json\/wp\/v2\/types\/product"}],"wp:featuredmedia":[{"embeddable":true,"href":"https:\/\/www.radiomarket.fi\/en\/wp-json\/wp\/v2\/media\/8301"}],"wp:attachment":[{"href":"https:\/\/www.radiomarket.fi\/en\/wp-json\/wp\/v2\/media?parent=22214"}],"curies":[{"name":"wp","href":"https:\/\/api.w.org\/{rel}","templated":true}]}}