{"id":22222,"date":"2020-10-05T11:26:23","date_gmt":"2020-10-05T08:26:23","guid":{"rendered":"https:\/\/www.radiomarket.fi\/tuote\/ekua7164-tuntematon-kolikkopuhelin\/"},"modified":"2021-07-22T14:24:20","modified_gmt":"2021-07-22T11:24:20","slug":"ekua7164-tuntematon-kolikkopuhelin","status":"publish","type":"product","link":"https:\/\/www.radiomarket.fi\/en\/kohde\/ekua7164-tuntematon-kolikkopuhelin\/","title":{"rendered":"EKUA7164 Tuntematon Kolikkopuhelin"},"content":{"rendered":"<p>Py\u00f6ritett\u00e4v\u00e4 numeronvalitsin. Kolikkokotelo puuttuu.<\/p>","protected":false},"excerpt":{"rendered":"<p>Py\u00f6ritett\u00e4v\u00e4 numeronvalitsin. Kolikkokotelo puuttuu.<\/p>","protected":false},"featured_media":8278,"template":"","meta":[],"_links":{"self":[{"href":"https:\/\/www.radiomarket.fi\/en\/wp-json\/wp\/v2\/product\/22222"}],"collection":[{"href":"https:\/\/www.radiomarket.fi\/en\/wp-json\/wp\/v2\/product"}],"about":[{"href":"https:\/\/www.radiomarket.fi\/en\/wp-json\/wp\/v2\/types\/product"}],"wp:featuredmedia":[{"embeddable":true,"href":"https:\/\/www.radiomarket.fi\/en\/wp-json\/wp\/v2\/media\/8278"}],"wp:attachment":[{"href":"https:\/\/www.radiomarket.fi\/en\/wp-json\/wp\/v2\/media?parent=22222"}],"curies":[{"name":"wp","href":"https:\/\/api.w.org\/{rel}","templated":true}]}}