{"id":22226,"date":"2020-10-05T11:26:25","date_gmt":"2020-10-05T08:26:25","guid":{"rendered":"https:\/\/www.radiomarket.fi\/tuote\/ekua7159-emil-wallman-palvelijan-kutsulaite\/"},"modified":"2020-10-05T11:26:25","modified_gmt":"2020-10-05T08:26:25","slug":"ekua7159-emil-wallman-palvelijan-kutsulaite","status":"publish","type":"product","link":"https:\/\/www.radiomarket.fi\/en\/kohde\/ekua7159-emil-wallman-palvelijan-kutsulaite\/","title":{"rendered":"EKUA7159 Emil Wallman Palvelijan kutsulaite"},"content":{"rendered":"Saatettu k\u00e4ytt\u00e4\u00e4 esimerkiksi hotellien huonepalvelussa.","protected":false},"excerpt":{"rendered":"<p>Saatettu k\u00e4ytt\u00e4\u00e4 esimerkiksi hotellien huonepalvelussa.<\/p>","protected":false},"featured_media":8269,"template":"","meta":[],"_links":{"self":[{"href":"https:\/\/www.radiomarket.fi\/en\/wp-json\/wp\/v2\/product\/22226"}],"collection":[{"href":"https:\/\/www.radiomarket.fi\/en\/wp-json\/wp\/v2\/product"}],"about":[{"href":"https:\/\/www.radiomarket.fi\/en\/wp-json\/wp\/v2\/types\/product"}],"wp:featuredmedia":[{"embeddable":true,"href":"https:\/\/www.radiomarket.fi\/en\/wp-json\/wp\/v2\/media\/8269"}],"wp:attachment":[{"href":"https:\/\/www.radiomarket.fi\/en\/wp-json\/wp\/v2\/media?parent=22226"}],"curies":[{"name":"wp","href":"https:\/\/api.w.org\/{rel}","templated":true}]}}