{"id":22247,"date":"2020-10-05T11:26:34","date_gmt":"2020-10-05T08:26:34","guid":{"rendered":"https:\/\/www.radiomarket.fi\/tuote\/ekua7134-ouno-seinapuhelin\/"},"modified":"2021-08-14T12:04:31","modified_gmt":"2021-08-14T09:04:31","slug":"ekua7134-ouno-seinapuhelin","status":"publish","type":"product","link":"https:\/\/www.radiomarket.fi\/en\/kohde\/ekua7134-ouno-seinapuhelin\/","title":{"rendered":"EKUA7134 (EKUM) Ouno Sein\u00e4puhelin (ei sein\u00e4telinett\u00e4)"},"content":{"rendered":"<p>Valkoiset kuoret, siisti, ehj\u00e4. HUOM! Kuvassa n\u00e4kyv\u00e4 sein\u00e4teline puuttuu.<\/p>","protected":false},"excerpt":{"rendered":"<p>Valkoiset kuoret, siisti, ehj\u00e4. HUOM! Kuvassa n\u00e4kyv\u00e4 sein\u00e4teline puuttuu.<\/p>","protected":false},"featured_media":8216,"template":"","meta":[],"_links":{"self":[{"href":"https:\/\/www.radiomarket.fi\/en\/wp-json\/wp\/v2\/product\/22247"}],"collection":[{"href":"https:\/\/www.radiomarket.fi\/en\/wp-json\/wp\/v2\/product"}],"about":[{"href":"https:\/\/www.radiomarket.fi\/en\/wp-json\/wp\/v2\/types\/product"}],"wp:featuredmedia":[{"embeddable":true,"href":"https:\/\/www.radiomarket.fi\/en\/wp-json\/wp\/v2\/media\/8216"}],"wp:attachment":[{"href":"https:\/\/www.radiomarket.fi\/en\/wp-json\/wp\/v2\/media?parent=22247"}],"curies":[{"name":"wp","href":"https:\/\/api.w.org\/{rel}","templated":true}]}}