{"id":22256,"date":"2020-10-05T11:26:39","date_gmt":"2020-10-05T08:26:39","guid":{"rendered":"https:\/\/www.radiomarket.fi\/tuote\/ekua7125-bk-precision-467\/"},"modified":"2021-06-29T15:48:05","modified_gmt":"2021-06-29T12:48:05","slug":"ekua7125-bk-precision-467","status":"publish","type":"product","link":"https:\/\/www.radiomarket.fi\/en\/kohde\/ekua7125-bk-precision-467\/","title":{"rendered":"EKUA7125 B&amp;K Precision 467"},"content":{"rendered":"<p>Musta muovisalkku, jossa sis\u00e4ll\u00e4 laite. Mukana ohjekirja. Ollut k\u00e4yt\u00f6ss\u00e4 Kuopion yliopistollisen keskussairaalan elektroniikkahuollossa.<\/p>","protected":false},"excerpt":{"rendered":"<p>Musta muovisalkku, jossa sis\u00e4ll\u00e4 laite. Mukana ohjekirja. Ollut k\u00e4yt\u00f6ss\u00e4 Kuopion yliopistollisen keskussairaalan elektroniikkahuollossa.<\/p>","protected":false},"featured_media":8190,"template":"","meta":[],"_links":{"self":[{"href":"https:\/\/www.radiomarket.fi\/en\/wp-json\/wp\/v2\/product\/22256"}],"collection":[{"href":"https:\/\/www.radiomarket.fi\/en\/wp-json\/wp\/v2\/product"}],"about":[{"href":"https:\/\/www.radiomarket.fi\/en\/wp-json\/wp\/v2\/types\/product"}],"wp:featuredmedia":[{"embeddable":true,"href":"https:\/\/www.radiomarket.fi\/en\/wp-json\/wp\/v2\/media\/8190"}],"wp:attachment":[{"href":"https:\/\/www.radiomarket.fi\/en\/wp-json\/wp\/v2\/media?parent=22256"}],"curies":[{"name":"wp","href":"https:\/\/api.w.org\/{rel}","templated":true}]}}