{"id":22260,"date":"2020-10-05T11:26:41","date_gmt":"2020-10-05T08:26:41","guid":{"rendered":"https:\/\/www.radiomarket.fi\/tuote\/ekua7120-philips-levysoitin\/"},"modified":"2020-10-05T11:26:41","modified_gmt":"2020-10-05T08:26:41","slug":"ekua7120-philips-levysoitin","status":"publish","type":"product","link":"https:\/\/www.radiomarket.fi\/en\/kohde\/ekua7120-philips-levysoitin\/","title":{"rendered":"EKUA7120 Philips Levysoitin"},"content":{"rendered":"Vain moottori ja vipuja j\u00e4ljell\u00e4. Nopeudet 16, 33, 45, 78.","protected":false},"excerpt":{"rendered":"<p>Vain moottori ja vipuja j\u00e4ljell\u00e4. Nopeudet 16, 33, 45, 78.<\/p>","protected":false},"featured_media":8176,"template":"","meta":[],"_links":{"self":[{"href":"https:\/\/www.radiomarket.fi\/en\/wp-json\/wp\/v2\/product\/22260"}],"collection":[{"href":"https:\/\/www.radiomarket.fi\/en\/wp-json\/wp\/v2\/product"}],"about":[{"href":"https:\/\/www.radiomarket.fi\/en\/wp-json\/wp\/v2\/types\/product"}],"wp:featuredmedia":[{"embeddable":true,"href":"https:\/\/www.radiomarket.fi\/en\/wp-json\/wp\/v2\/media\/8176"}],"wp:attachment":[{"href":"https:\/\/www.radiomarket.fi\/en\/wp-json\/wp\/v2\/media?parent=22260"}],"curies":[{"name":"wp","href":"https:\/\/api.w.org\/{rel}","templated":true}]}}