{"id":22266,"date":"2020-10-05T11:26:45","date_gmt":"2020-10-05T08:26:45","guid":{"rendered":"https:\/\/www.radiomarket.fi\/tuote\/ekua7113x-tuntematon-radiokaappi\/"},"modified":"2020-10-05T11:26:45","modified_gmt":"2020-10-05T08:26:45","slug":"ekua7113x-tuntematon-radiokaappi","status":"publish","type":"product","link":"https:\/\/www.radiomarket.fi\/en\/kohde\/ekua7113x-tuntematon-radiokaappi\/","title":{"rendered":"EKUA7113x Tuntematon Radiokaappi"},"content":{"rendered":"Pelkk\u00e4 kaappi, kaappiakin n\u00e4ht\u00e4v\u00e4sti vuosien varrella muokattu.","protected":false},"excerpt":{"rendered":"<p>Pelkk\u00e4 kaappi, kaappiakin n\u00e4ht\u00e4v\u00e4sti vuosien varrella muokattu.<\/p>","protected":false},"featured_media":8139,"template":"","meta":[],"_links":{"self":[{"href":"https:\/\/www.radiomarket.fi\/en\/wp-json\/wp\/v2\/product\/22266"}],"collection":[{"href":"https:\/\/www.radiomarket.fi\/en\/wp-json\/wp\/v2\/product"}],"about":[{"href":"https:\/\/www.radiomarket.fi\/en\/wp-json\/wp\/v2\/types\/product"}],"wp:featuredmedia":[{"embeddable":true,"href":"https:\/\/www.radiomarket.fi\/en\/wp-json\/wp\/v2\/media\/8139"}],"wp:attachment":[{"href":"https:\/\/www.radiomarket.fi\/en\/wp-json\/wp\/v2\/media?parent=22266"}],"curies":[{"name":"wp","href":"https:\/\/api.w.org\/{rel}","templated":true}]}}