{"id":22269,"date":"2020-10-05T11:26:47","date_gmt":"2020-10-05T08:26:47","guid":{"rendered":"https:\/\/www.radiomarket.fi\/tuote\/ekua7111x-helvarphilips-868\/"},"modified":"2025-02-05T11:22:02","modified_gmt":"2025-02-05T09:22:02","slug":"ekua7111x-helvarphilips-868","status":"publish","type":"product","link":"https:\/\/www.radiomarket.fi\/en\/kohde\/ekua7111x-helvarphilips-868\/","title":{"rendered":"EKUA7111x Helvar; Philips 868 (EKUS)"},"content":{"rendered":"<p>Levysoitin j\u00e4lkiasennettu, 1950-luvulta. Levysoittimessa kaikki nopeudet 78, 45 ja 33 1\/2. Nupit vuodelta 1945? Laite 1940-50-luvulta, mutta j\u00e4lkik\u00e4teen muokattu, mm. uusia liittimi\u00e4. ASIT 005\/98, 44416.<br \/><br \/>Vain nouto tai toimitus, molemmista sovittava erikseen.<\/p>","protected":false},"excerpt":{"rendered":"<p>Levysoitin j\u00e4lkiasennettu, 1950-luvulta. Levysoittimessa kaikki nopeudet 78, 45 ja 33 1\/2. Nupit vuodelta 1945? Laite 1940-50-luvulta, mutta j\u00e4lkik\u00e4teen muokattu, mm. uusia liittimi\u00e4. ASIT 005\/98, 44416.Vain nouto tai toimitus, molemmista sovittava erikseen.<\/p>","protected":false},"featured_media":8116,"template":"","meta":[],"_links":{"self":[{"href":"https:\/\/www.radiomarket.fi\/en\/wp-json\/wp\/v2\/product\/22269"}],"collection":[{"href":"https:\/\/www.radiomarket.fi\/en\/wp-json\/wp\/v2\/product"}],"about":[{"href":"https:\/\/www.radiomarket.fi\/en\/wp-json\/wp\/v2\/types\/product"}],"wp:featuredmedia":[{"embeddable":true,"href":"https:\/\/www.radiomarket.fi\/en\/wp-json\/wp\/v2\/media\/8116"}],"wp:attachment":[{"href":"https:\/\/www.radiomarket.fi\/en\/wp-json\/wp\/v2\/media?parent=22269"}],"curies":[{"name":"wp","href":"https:\/\/api.w.org\/{rel}","templated":true}]}}