{"id":22321,"date":"2020-10-05T11:27:07","date_gmt":"2020-10-05T08:27:07","guid":{"rendered":"https:\/\/www.radiomarket.fi\/tuote\/ekua6997-asa-850m\/"},"modified":"2023-10-07T16:41:00","modified_gmt":"2023-10-07T13:41:00","slug":"ekua6997-asa-850m","status":"publish","type":"product","link":"https:\/\/www.radiomarket.fi\/en\/kohde\/ekua6997-asa-850m\/","title":{"rendered":"EKUA6997 Asa 850M (EKUS)"},"content":{"rendered":"<p>Asteikkolasi rikki, logosta puuttuu kirjain, antennin muovip\u00e4\u00e4t irronneet, kuvan ottamisen j\u00e4lkeen toinenkin nuppi myyty. Ei kahvaa (rautalanka). Ei tutkittu tarkemmin, muitakin osia saattaa olla purettu tai puuttua.<\/p>","protected":false},"excerpt":{"rendered":"<p>Asteikkolasi rikki, logosta puuttuu kirjain, antennin muovip\u00e4\u00e4t irronneet, kuvan ottamisen j\u00e4lkeen toinenkin nuppi myyty. Ei kahvaa (rautalanka). Ei tutkittu tarkemmin, muitakin osia saattaa olla purettu tai puuttua.<\/p>","protected":false},"featured_media":8035,"template":"","meta":[],"_links":{"self":[{"href":"https:\/\/www.radiomarket.fi\/en\/wp-json\/wp\/v2\/product\/22321"}],"collection":[{"href":"https:\/\/www.radiomarket.fi\/en\/wp-json\/wp\/v2\/product"}],"about":[{"href":"https:\/\/www.radiomarket.fi\/en\/wp-json\/wp\/v2\/types\/product"}],"wp:featuredmedia":[{"embeddable":true,"href":"https:\/\/www.radiomarket.fi\/en\/wp-json\/wp\/v2\/media\/8035"}],"wp:attachment":[{"href":"https:\/\/www.radiomarket.fi\/en\/wp-json\/wp\/v2\/media?parent=22321"}],"curies":[{"name":"wp","href":"https:\/\/api.w.org\/{rel}","templated":true}]}}