{"id":22342,"date":"2020-10-05T11:27:18","date_gmt":"2020-10-05T08:27:18","guid":{"rendered":"https:\/\/www.radiomarket.fi\/tuote\/ekua6973-tuntematon-saatovastus\/"},"modified":"2020-10-05T11:27:18","modified_gmt":"2020-10-05T08:27:18","slug":"ekua6973-tuntematon-saatovastus","status":"publish","type":"product","link":"https:\/\/www.radiomarket.fi\/en\/kohde\/ekua6973-tuntematon-saatovastus\/","title":{"rendered":"EKUA6973 Tuntematon S\u00e4\u00e4t\u00f6vastus"},"content":{"rendered":"Kuvausta ei saatavilla.","protected":false},"excerpt":{"rendered":"<p>Kuvausta ei saatavilla.<\/p>","protected":false},"featured_media":7972,"template":"","meta":[],"_links":{"self":[{"href":"https:\/\/www.radiomarket.fi\/en\/wp-json\/wp\/v2\/product\/22342"}],"collection":[{"href":"https:\/\/www.radiomarket.fi\/en\/wp-json\/wp\/v2\/product"}],"about":[{"href":"https:\/\/www.radiomarket.fi\/en\/wp-json\/wp\/v2\/types\/product"}],"wp:featuredmedia":[{"embeddable":true,"href":"https:\/\/www.radiomarket.fi\/en\/wp-json\/wp\/v2\/media\/7972"}],"wp:attachment":[{"href":"https:\/\/www.radiomarket.fi\/en\/wp-json\/wp\/v2\/media?parent=22342"}],"curies":[{"name":"wp","href":"https:\/\/api.w.org\/{rel}","templated":true}]}}