{"id":22352,"date":"2020-10-05T11:27:23","date_gmt":"2020-10-05T08:27:23","guid":{"rendered":"https:\/\/www.radiomarket.fi\/tuote\/ekua6963-tuntematon-310-johdin-metallivaipalla\/"},"modified":"2023-11-18T16:28:32","modified_gmt":"2023-11-18T14:28:32","slug":"ekua6963-tuntematon-310-johdin-metallivaipalla","status":"publish","type":"product","link":"https:\/\/www.radiomarket.fi\/en\/kohde\/ekua6963-tuntematon-310-johdin-metallivaipalla\/","title":{"rendered":"EKUA6963 390. johdin metallivaipalla 1,93 mm2 (EKUS)"},"content":{"rendered":"<p>1,93 mm2. J\u00e4ljell\u00e4 1 kpl 10m keloja, myyd\u00e4\u00e4n kokonaisina 10 m keloina.<\/p>","protected":false},"excerpt":{"rendered":"<p>1,93 mm2. J\u00e4ljell\u00e4 1 kpl 10m keloja, myyd\u00e4\u00e4n kokonaisina 10 m keloina.<\/p>","protected":false},"featured_media":7947,"template":"","meta":[],"_links":{"self":[{"href":"https:\/\/www.radiomarket.fi\/en\/wp-json\/wp\/v2\/product\/22352"}],"collection":[{"href":"https:\/\/www.radiomarket.fi\/en\/wp-json\/wp\/v2\/product"}],"about":[{"href":"https:\/\/www.radiomarket.fi\/en\/wp-json\/wp\/v2\/types\/product"}],"wp:featuredmedia":[{"embeddable":true,"href":"https:\/\/www.radiomarket.fi\/en\/wp-json\/wp\/v2\/media\/7947"}],"wp:attachment":[{"href":"https:\/\/www.radiomarket.fi\/en\/wp-json\/wp\/v2\/media?parent=22352"}],"curies":[{"name":"wp","href":"https:\/\/api.w.org\/{rel}","templated":true}]}}