{"id":22360,"date":"2020-10-05T11:27:27","date_gmt":"2020-10-05T08:27:27","guid":{"rendered":"https:\/\/www.radiomarket.fi\/tuote\/ekua6952-philips-aq6455\/"},"modified":"2022-02-01T16:55:17","modified_gmt":"2022-02-01T14:55:17","slug":"ekua6952-philips-aq6455","status":"publish","type":"product","link":"https:\/\/www.radiomarket.fi\/en\/kohde\/ekua6952-philips-aq6455\/","title":{"rendered":"EKUA6952 Philips AQ6455\/00 (EKUS)"},"content":{"rendered":"<p>Yleismallin virtajohto, pyynn\u00f6st\u00e4 mukaan kauppaan.<br \/><br \/>Testattu 01\/2022. Liukupotikoissa pieni\u00e4 rahinoita. Nopeudens\u00e4\u00e4t\u00f6 vaikuttaa toistonopeuteen. Toistaa ja kelaa kasettia. Toistettaessa huomattavan bassoinen \u00e4\u00e4ni, bassotason s\u00e4\u00e4t\u00f6 vaikuttaa \u00e4\u00e4neen, mutta ei poista ongelmaa. Ei testattu kuulokkeilla. Toisto vaikuttaa ajoittain v\u00e4syneelt\u00e4 ja lyhyess\u00e4 testiss\u00e4 esiintyi vouvausta. Huoltoa vaativa kohde. Ei tutkittu tarkemmin.<\/p>","protected":false},"excerpt":{"rendered":"<p>Yleismallin virtajohto, pyynn\u00f6st\u00e4 mukaan kauppaan.Testattu 01\/2022. Liukupotikoissa pieni\u00e4 rahinoita. Nopeudens\u00e4\u00e4t\u00f6 vaikuttaa toistonopeuteen. Toistaa ja kelaa kasettia. Toistettaessa huomattavan bassoinen \u00e4\u00e4ni, bassotason s\u00e4\u00e4t\u00f6 vaikuttaa \u00e4\u00e4neen, mutta ei poista ongelmaa. Ei testattu kuulokkeilla. Toisto vaikuttaa ajoittain v\u00e4syneelt\u00e4 ja lyhyess\u00e4 testiss\u00e4 esiintyi vouvausta. Huoltoa vaativa kohde. Ei tutkittu tarkemmin.<\/p>","protected":false},"featured_media":7910,"template":"","meta":[],"_links":{"self":[{"href":"https:\/\/www.radiomarket.fi\/en\/wp-json\/wp\/v2\/product\/22360"}],"collection":[{"href":"https:\/\/www.radiomarket.fi\/en\/wp-json\/wp\/v2\/product"}],"about":[{"href":"https:\/\/www.radiomarket.fi\/en\/wp-json\/wp\/v2\/types\/product"}],"wp:featuredmedia":[{"embeddable":true,"href":"https:\/\/www.radiomarket.fi\/en\/wp-json\/wp\/v2\/media\/7910"}],"wp:attachment":[{"href":"https:\/\/www.radiomarket.fi\/en\/wp-json\/wp\/v2\/media?parent=22360"}],"curies":[{"name":"wp","href":"https:\/\/api.w.org\/{rel}","templated":true}]}}