{"id":22367,"date":"2020-10-05T11:27:30","date_gmt":"2020-10-05T08:27:30","guid":{"rendered":"https:\/\/www.radiomarket.fi\/tuote\/ekua6943-tuntematon-valintalevytavaraa\/"},"modified":"2020-10-05T11:27:30","modified_gmt":"2020-10-05T08:27:30","slug":"ekua6943-tuntematon-valintalevytavaraa","status":"publish","type":"product","link":"https:\/\/www.radiomarket.fi\/en\/kohde\/ekua6943-tuntematon-valintalevytavaraa\/","title":{"rendered":"EKUA6943 Tuntematon Valintalevytavaraa"},"content":{"rendered":"Muutamia kymmeni\u00e4, eri v\u00e4risi\u00e4. Tiedustele saatavuus. Kuvassa keskimm\u00e4isen\u00e4 oleva Ericssonin valintalevy myyty.","protected":false},"excerpt":{"rendered":"<p>Muutamia kymmeni\u00e4, eri v\u00e4risi\u00e4. Tiedustele saatavuus. Kuvassa keskimm\u00e4isen\u00e4 oleva Ericssonin valintalevy myyty.<\/p>","protected":false},"featured_media":7889,"template":"","meta":[],"_links":{"self":[{"href":"https:\/\/www.radiomarket.fi\/en\/wp-json\/wp\/v2\/product\/22367"}],"collection":[{"href":"https:\/\/www.radiomarket.fi\/en\/wp-json\/wp\/v2\/product"}],"about":[{"href":"https:\/\/www.radiomarket.fi\/en\/wp-json\/wp\/v2\/types\/product"}],"wp:featuredmedia":[{"embeddable":true,"href":"https:\/\/www.radiomarket.fi\/en\/wp-json\/wp\/v2\/media\/7889"}],"wp:attachment":[{"href":"https:\/\/www.radiomarket.fi\/en\/wp-json\/wp\/v2\/media?parent=22367"}],"curies":[{"name":"wp","href":"https:\/\/api.w.org\/{rel}","templated":true}]}}