{"id":22385,"date":"2020-10-05T11:27:37","date_gmt":"2020-10-05T08:27:37","guid":{"rendered":"https:\/\/www.radiomarket.fi\/tuote\/ekua6924-tartu-telefonivabrik-kytkentakaavio\/"},"modified":"2020-10-05T11:27:37","modified_gmt":"2020-10-05T08:27:37","slug":"ekua6924-tartu-telefonivabrik-kytkentakaavio","status":"publish","type":"product","link":"https:\/\/www.radiomarket.fi\/en\/kohde\/ekua6924-tartu-telefonivabrik-kytkentakaavio\/","title":{"rendered":"EKUA6924 Tartu Telefonivabrik \u201dKytkent\u00e4kaavio\u201d"},"content":{"rendered":"Virolaisen 30-linjaisen kentt\u00e4keskuksen kytkent\u00e4kaavio.","protected":false},"excerpt":{"rendered":"<p>Virolaisen 30-linjaisen kentt\u00e4keskuksen kytkent\u00e4kaavio.<\/p>","protected":false},"featured_media":7864,"template":"","meta":[],"_links":{"self":[{"href":"https:\/\/www.radiomarket.fi\/en\/wp-json\/wp\/v2\/product\/22385"}],"collection":[{"href":"https:\/\/www.radiomarket.fi\/en\/wp-json\/wp\/v2\/product"}],"about":[{"href":"https:\/\/www.radiomarket.fi\/en\/wp-json\/wp\/v2\/types\/product"}],"wp:featuredmedia":[{"embeddable":true,"href":"https:\/\/www.radiomarket.fi\/en\/wp-json\/wp\/v2\/media\/7864"}],"wp:attachment":[{"href":"https:\/\/www.radiomarket.fi\/en\/wp-json\/wp\/v2\/media?parent=22385"}],"curies":[{"name":"wp","href":"https:\/\/api.w.org\/{rel}","templated":true}]}}