{"id":22458,"date":"2020-10-05T11:28:04","date_gmt":"2020-10-05T08:28:04","guid":{"rendered":"https:\/\/www.radiomarket.fi\/tuote\/ekua6822-aga-aga-logoja\/"},"modified":"2022-07-29T17:30:26","modified_gmt":"2022-07-29T14:30:26","slug":"ekua6822-aga-logoja","status":"publish","type":"product","link":"https:\/\/www.radiomarket.fi\/en\/kohde\/ekua6822-aga-logoja\/","title":{"rendered":"EKUA6822 Aga-logo, erilaisia (EKUM)"},"content":{"rendered":"<p>Hopeanv\u00e4risest\u00e4 piikit katkenneet, 3 kpl, erilaisia. Kerrothan tilatessasi mink\u00e4 logoista haluat.<\/p>","protected":false},"excerpt":{"rendered":"<p>Hopeanv\u00e4risest\u00e4 piikit katkenneet, 3 kpl, erilaisia. Kerrothan tilatessasi mink\u00e4 logoista haluat.<\/p>","protected":false},"featured_media":7768,"template":"","meta":[],"_links":{"self":[{"href":"https:\/\/www.radiomarket.fi\/en\/wp-json\/wp\/v2\/product\/22458"}],"collection":[{"href":"https:\/\/www.radiomarket.fi\/en\/wp-json\/wp\/v2\/product"}],"about":[{"href":"https:\/\/www.radiomarket.fi\/en\/wp-json\/wp\/v2\/types\/product"}],"wp:featuredmedia":[{"embeddable":true,"href":"https:\/\/www.radiomarket.fi\/en\/wp-json\/wp\/v2\/media\/7768"}],"wp:attachment":[{"href":"https:\/\/www.radiomarket.fi\/en\/wp-json\/wp\/v2\/media?parent=22458"}],"curies":[{"name":"wp","href":"https:\/\/api.w.org\/{rel}","templated":true}]}}