{"id":22460,"date":"2020-10-05T11:28:05","date_gmt":"2020-10-05T08:28:05","guid":{"rendered":"https:\/\/www.radiomarket.fi\/tuote\/ekua6820-luxor-luxor-logoja\/"},"modified":"2023-08-04T12:55:27","modified_gmt":"2023-08-04T09:55:27","slug":"ekua6820-luxor-logoja","status":"publish","type":"product","link":"https:\/\/www.radiomarket.fi\/en\/kohde\/ekua6820-luxor-logoja\/","title":{"rendered":"EKUA6820 Luxor -logoja (EKUM)"},"content":{"rendered":"<p>Erilaisia, tilatessasi mainitse lis\u00e4tieto-kent\u00e4ss\u00e4, mink\u00e4 merkin haluat.<br \/><br \/>Ylimm\u00e4n rivin ensimm\u00e4inen logo oikealta on punaista muovia vahvalla vajaan sentin halkaisijalta olevalla keskitapilla ja kullanv\u00e4risill\u00e4 maalauksilla (erottuu huonosti kuvasta)<br \/><br \/><strong>Myydyt merkit:<\/strong> ylimm\u00e4n rivin ensimm\u00e4inen ja toinen vasemmalta.\u00a0 <br \/>Keskimm\u00e4isen rivin vasemmanpuoleisin Luxor-merkki.<br \/>Alarivin oikeanpuoleisin hopeanv\u00e4rinen Luxor-teksti.<\/p>","protected":false},"excerpt":{"rendered":"<p>Erilaisia, tilatessasi mainitse lis\u00e4tieto-kent\u00e4ss\u00e4, mink\u00e4 merkin haluat.Ylimm\u00e4n rivin ensimm\u00e4inen logo oikealta on punaista muovia vahvalla vajaan sentin halkaisijalta olevalla keskitapilla ja kullanv\u00e4risill\u00e4 maalauksilla (erottuu huonosti kuvasta)Myydyt merkit: ylimm\u00e4n rivin ensimm\u00e4inen ja toinen vasemmalta.\u00a0 Keskimm\u00e4isen rivin vasemmanpuoleisin Luxor-merkki.Alarivin oikeanpuoleisin hopeanv\u00e4rinen Luxor-teksti.<\/p>","protected":false},"featured_media":7766,"template":"","meta":[],"_links":{"self":[{"href":"https:\/\/www.radiomarket.fi\/en\/wp-json\/wp\/v2\/product\/22460"}],"collection":[{"href":"https:\/\/www.radiomarket.fi\/en\/wp-json\/wp\/v2\/product"}],"about":[{"href":"https:\/\/www.radiomarket.fi\/en\/wp-json\/wp\/v2\/types\/product"}],"wp:featuredmedia":[{"embeddable":true,"href":"https:\/\/www.radiomarket.fi\/en\/wp-json\/wp\/v2\/media\/7766"}],"wp:attachment":[{"href":"https:\/\/www.radiomarket.fi\/en\/wp-json\/wp\/v2\/media?parent=22460"}],"curies":[{"name":"wp","href":"https:\/\/api.w.org\/{rel}","templated":true}]}}