{"id":22465,"date":"2025-12-29T11:28:07","date_gmt":"2025-12-29T09:28:07","guid":{"rendered":"https:\/\/www.radiomarket.fi\/tuote\/ekua6814-nordmende-nord-mende-logoja\/"},"modified":"2025-12-29T13:26:32","modified_gmt":"2025-12-29T11:26:32","slug":"ekua6814-nordmende-nord-mende-logoja","status":"publish","type":"product","link":"https:\/\/www.radiomarket.fi\/en\/kohde\/ekua6814-nordmende-nord-mende-logoja\/","title":{"rendered":"EKUA6814 Nordmende Nord Mende -logo (EKUM)"},"content":{"rendered":"<p>Kuvassa alempi j\u00e4ljell\u00e4, ylempi 12cm pitk\u00e4 myyty.<\/p>","protected":false},"excerpt":{"rendered":"<p>Kuvassa alempi j\u00e4ljell\u00e4, ylempi 12cm pitk\u00e4 myyty.<\/p>","protected":false},"featured_media":7760,"template":"","meta":[],"_links":{"self":[{"href":"https:\/\/www.radiomarket.fi\/en\/wp-json\/wp\/v2\/product\/22465"}],"collection":[{"href":"https:\/\/www.radiomarket.fi\/en\/wp-json\/wp\/v2\/product"}],"about":[{"href":"https:\/\/www.radiomarket.fi\/en\/wp-json\/wp\/v2\/types\/product"}],"wp:featuredmedia":[{"embeddable":true,"href":"https:\/\/www.radiomarket.fi\/en\/wp-json\/wp\/v2\/media\/7760"}],"wp:attachment":[{"href":"https:\/\/www.radiomarket.fi\/en\/wp-json\/wp\/v2\/media?parent=22465"}],"curies":[{"name":"wp","href":"https:\/\/api.w.org\/{rel}","templated":true}]}}