{"id":22470,"date":"2020-10-05T11:28:09","date_gmt":"2020-10-05T08:28:09","guid":{"rendered":"https:\/\/www.radiomarket.fi\/tuote\/ekua6809-fenno-fenno-logoja\/"},"modified":"2022-07-29T16:49:20","modified_gmt":"2022-07-29T13:49:20","slug":"ekua6809-fenno-fenno-logoja","status":"publish","type":"product","link":"https:\/\/www.radiomarket.fi\/en\/kohde\/ekua6809-fenno-fenno-logoja\/","title":{"rendered":"EKUA6809 Fenno-logoja (EKUM)"},"content":{"rendered":"<p>Erilaisia.<br \/><br \/>Fenno 1924 ja &#8220;Fenno Radio&#8221; logot myyty.<br \/><br \/>J\u00e4ljell\u00e4 kaksi kullanv\u00e4rist\u00e4\/ruskeaa Fenno-logoa (toisesta kuvasta poiketen piikit poikki) ja yksi hopeanv\u00e4rinen\/musta.<\/p>","protected":false},"excerpt":{"rendered":"<p>Erilaisia.Fenno 1924 ja &#8220;Fenno Radio&#8221; logot myyty.J\u00e4ljell\u00e4 kaksi kullanv\u00e4rist\u00e4\/ruskeaa Fenno-logoa (toisesta kuvasta poiketen piikit poikki) ja yksi hopeanv\u00e4rinen\/musta.<\/p>","protected":false},"featured_media":7754,"template":"","meta":[],"_links":{"self":[{"href":"https:\/\/www.radiomarket.fi\/en\/wp-json\/wp\/v2\/product\/22470"}],"collection":[{"href":"https:\/\/www.radiomarket.fi\/en\/wp-json\/wp\/v2\/product"}],"about":[{"href":"https:\/\/www.radiomarket.fi\/en\/wp-json\/wp\/v2\/types\/product"}],"wp:featuredmedia":[{"embeddable":true,"href":"https:\/\/www.radiomarket.fi\/en\/wp-json\/wp\/v2\/media\/7754"}],"wp:attachment":[{"href":"https:\/\/www.radiomarket.fi\/en\/wp-json\/wp\/v2\/media?parent=22470"}],"curies":[{"name":"wp","href":"https:\/\/api.w.org\/{rel}","templated":true}]}}