{"id":22486,"date":"2020-10-05T11:28:16","date_gmt":"2020-10-05T08:28:16","guid":{"rendered":"https:\/\/www.radiomarket.fi\/tuote\/ekua6658-tuntematon-sports-stereo\/"},"modified":"2020-10-05T11:28:16","modified_gmt":"2020-10-05T08:28:16","slug":"ekua6658-tuntematon-sports-stereo","status":"publish","type":"product","link":"https:\/\/www.radiomarket.fi\/en\/kohde\/ekua6658-tuntematon-sports-stereo\/","title":{"rendered":"EKUA6658 Tuntematon Sports stereo"},"content":{"rendered":"Antenni ja \u00e4\u00e4nenvoimakkuuden s\u00e4\u00e4t\u00f6py\u00f6r\u00e4 puuttuvat. Kirkkankeltaiset muovikuoret, vy\u00f6klipsi. Kompassiasteikko 360.","protected":false},"excerpt":{"rendered":"<p>Antenni ja \u00e4\u00e4nenvoimakkuuden s\u00e4\u00e4t\u00f6py\u00f6r\u00e4 puuttuvat. Kirkkankeltaiset muovikuoret, vy\u00f6klipsi. Kompassiasteikko 360.<\/p>","protected":false},"featured_media":7720,"template":"","meta":[],"_links":{"self":[{"href":"https:\/\/www.radiomarket.fi\/en\/wp-json\/wp\/v2\/product\/22486"}],"collection":[{"href":"https:\/\/www.radiomarket.fi\/en\/wp-json\/wp\/v2\/product"}],"about":[{"href":"https:\/\/www.radiomarket.fi\/en\/wp-json\/wp\/v2\/types\/product"}],"wp:featuredmedia":[{"embeddable":true,"href":"https:\/\/www.radiomarket.fi\/en\/wp-json\/wp\/v2\/media\/7720"}],"wp:attachment":[{"href":"https:\/\/www.radiomarket.fi\/en\/wp-json\/wp\/v2\/media?parent=22486"}],"curies":[{"name":"wp","href":"https:\/\/api.w.org\/{rel}","templated":true}]}}