{"id":22500,"date":"2020-10-05T11:28:23","date_gmt":"2020-10-05T08:28:23","guid":{"rendered":"https:\/\/www.radiomarket.fi\/tuote\/ekua6643-philips-bsf11a\/"},"modified":"2020-10-05T11:28:23","modified_gmt":"2020-10-05T08:28:23","slug":"ekua6643-philips-bsf11a","status":"publish","type":"product","link":"https:\/\/www.radiomarket.fi\/en\/kohde\/ekua6643-philips-bsf11a\/","title":{"rendered":"EKUA6643 Philips BSF11A"},"content":{"rendered":"Pahvia. Levyss\u00e4 reik\u00e4.","protected":false},"excerpt":{"rendered":"<p>Pahvia. Levyss\u00e4 reik\u00e4.<\/p>","protected":false},"featured_media":7691,"template":"","meta":[],"_links":{"self":[{"href":"https:\/\/www.radiomarket.fi\/en\/wp-json\/wp\/v2\/product\/22500"}],"collection":[{"href":"https:\/\/www.radiomarket.fi\/en\/wp-json\/wp\/v2\/product"}],"about":[{"href":"https:\/\/www.radiomarket.fi\/en\/wp-json\/wp\/v2\/types\/product"}],"wp:featuredmedia":[{"embeddable":true,"href":"https:\/\/www.radiomarket.fi\/en\/wp-json\/wp\/v2\/media\/7691"}],"wp:attachment":[{"href":"https:\/\/www.radiomarket.fi\/en\/wp-json\/wp\/v2\/media?parent=22500"}],"curies":[{"name":"wp","href":"https:\/\/api.w.org\/{rel}","templated":true}]}}