{"id":22514,"date":"2020-10-05T11:28:28","date_gmt":"2020-10-05T08:28:28","guid":{"rendered":"https:\/\/www.radiomarket.fi\/tuote\/ekua6629-tuntematon-nmt-antenni\/"},"modified":"2024-04-21T23:49:23","modified_gmt":"2024-04-21T20:49:23","slug":"ekua6629-tuntematon-nmt-antenni","status":"publish","type":"product","link":"https:\/\/www.radiomarket.fi\/en\/kohde\/ekua6629-tuntematon-nmt-antenni\/","title":{"rendered":"EKUA6629 NMT-antenni (EKUM)"},"content":{"rendered":"<p>Nelj\u00e4 erilaista. Matkapuhelimeen. Kerro tilatessasi mink\u00e4 antennin nelj\u00e4st\u00e4 haluat ostaa.<\/p>","protected":false},"excerpt":{"rendered":"<p>Nelj\u00e4 erilaista. Matkapuhelimeen. Kerro tilatessasi mink\u00e4 antennin nelj\u00e4st\u00e4 haluat ostaa.<\/p>","protected":false},"featured_media":7665,"template":"","meta":[],"_links":{"self":[{"href":"https:\/\/www.radiomarket.fi\/en\/wp-json\/wp\/v2\/product\/22514"}],"collection":[{"href":"https:\/\/www.radiomarket.fi\/en\/wp-json\/wp\/v2\/product"}],"about":[{"href":"https:\/\/www.radiomarket.fi\/en\/wp-json\/wp\/v2\/types\/product"}],"wp:featuredmedia":[{"embeddable":true,"href":"https:\/\/www.radiomarket.fi\/en\/wp-json\/wp\/v2\/media\/7665"}],"wp:attachment":[{"href":"https:\/\/www.radiomarket.fi\/en\/wp-json\/wp\/v2\/media?parent=22514"}],"curies":[{"name":"wp","href":"https:\/\/api.w.org\/{rel}","templated":true}]}}