{"id":22531,"date":"2020-10-05T11:28:36","date_gmt":"2020-10-05T08:28:36","guid":{"rendered":"https:\/\/www.radiomarket.fi\/tuote\/ekua6610-tuntematon-keskuspistoke-keskusjohto\/"},"modified":"2020-10-05T11:28:36","modified_gmt":"2020-10-05T08:28:36","slug":"ekua6610-tuntematon-keskuspistoke-keskusjohto","status":"publish","type":"product","link":"https:\/\/www.radiomarket.fi\/en\/kohde\/ekua6610-tuntematon-keskuspistoke-keskusjohto\/","title":{"rendered":"EKUA6610 Tuntematon Keskuspistoke\/ keskusjohto"},"content":{"rendered":"Bakelitttilevyss\u00e4 kiinni keskusjohtdot, jotka kulkevat toisen, suuremman bakelittilevyn l\u00e4pi ja joiden p\u00e4iss\u00e4 keskuspistokkeet. Rei\u00e4t 9 johdolle, mutta kaksi niist\u00e4 puuttuu. Kaikkien olemassaolevien 7 johdon p\u00e4\u00e4ss\u00e4 pistoke.","protected":false},"excerpt":{"rendered":"<p>Bakelitttilevyss\u00e4 kiinni keskusjohtdot, jotka kulkevat toisen, suuremman bakelittilevyn l\u00e4pi ja joiden p\u00e4iss\u00e4 keskuspistokkeet. Rei\u00e4t 9 johdolle, mutta kaksi niist\u00e4 puuttuu. Kaikkien olemassaolevien 7 johdon p\u00e4\u00e4ss\u00e4 pistoke.<\/p>","protected":false},"featured_media":7628,"template":"","meta":[],"_links":{"self":[{"href":"https:\/\/www.radiomarket.fi\/en\/wp-json\/wp\/v2\/product\/22531"}],"collection":[{"href":"https:\/\/www.radiomarket.fi\/en\/wp-json\/wp\/v2\/product"}],"about":[{"href":"https:\/\/www.radiomarket.fi\/en\/wp-json\/wp\/v2\/types\/product"}],"wp:featuredmedia":[{"embeddable":true,"href":"https:\/\/www.radiomarket.fi\/en\/wp-json\/wp\/v2\/media\/7628"}],"wp:attachment":[{"href":"https:\/\/www.radiomarket.fi\/en\/wp-json\/wp\/v2\/media?parent=22531"}],"curies":[{"name":"wp","href":"https:\/\/api.w.org\/{rel}","templated":true}]}}