{"id":22556,"date":"2020-10-05T11:28:48","date_gmt":"2020-10-05T08:28:48","guid":{"rendered":"https:\/\/www.radiomarket.fi\/tuote\/ekua6585-panasonic-kx-a11a\/"},"modified":"2020-10-05T11:28:48","modified_gmt":"2020-10-05T08:28:48","slug":"ekua6585-panasonic-kx-a11a","status":"publish","type":"product","link":"https:\/\/www.radiomarket.fi\/en\/kohde\/ekua6585-panasonic-kx-a11a\/","title":{"rendered":"EKUA6585 Panasonic KX-A11A"},"content":{"rendered":"Vain sis\u00e4k\u00e4ytt\u00f6\u00f6n. Valkoinen, k\u00e4ytt\u00e4m\u00e4t\u00f6n. Input: AC^120V 60Hz 12 W 0.1A. Output: DC12V 500mA.","protected":false},"excerpt":{"rendered":"<p>Vain sis\u00e4k\u00e4ytt\u00f6\u00f6n. Valkoinen, k\u00e4ytt\u00e4m\u00e4t\u00f6n. Input: AC^120V 60Hz 12 W 0.1A. Output: DC12V 500mA.<\/p>","protected":false},"featured_media":7575,"template":"","meta":[],"_links":{"self":[{"href":"https:\/\/www.radiomarket.fi\/en\/wp-json\/wp\/v2\/product\/22556"}],"collection":[{"href":"https:\/\/www.radiomarket.fi\/en\/wp-json\/wp\/v2\/product"}],"about":[{"href":"https:\/\/www.radiomarket.fi\/en\/wp-json\/wp\/v2\/types\/product"}],"wp:featuredmedia":[{"embeddable":true,"href":"https:\/\/www.radiomarket.fi\/en\/wp-json\/wp\/v2\/media\/7575"}],"wp:attachment":[{"href":"https:\/\/www.radiomarket.fi\/en\/wp-json\/wp\/v2\/media?parent=22556"}],"curies":[{"name":"wp","href":"https:\/\/api.w.org\/{rel}","templated":true}]}}