{"id":22584,"date":"2020-10-05T11:29:00","date_gmt":"2020-10-05T08:29:00","guid":{"rendered":"https:\/\/www.radiomarket.fi\/tuote\/ekua6547-olympia-dis2\/"},"modified":"2020-10-05T11:29:00","modified_gmt":"2020-10-05T08:29:00","slug":"ekua6547-olympia-dis2","status":"publish","type":"product","link":"https:\/\/www.radiomarket.fi\/en\/kohde\/ekua6547-olympia-dis2\/","title":{"rendered":"EKUA6547 Olympia DIS2"},"content":{"rendered":"Runko alumiinia, 19 tuuman r\u00e4kki. Mahdollisesti yrityksen sis\u00e4inen puhelinvaihde.","protected":false},"excerpt":{"rendered":"<p>Runko alumiinia, 19 tuuman r\u00e4kki. Mahdollisesti yrityksen sis\u00e4inen puhelinvaihde.<\/p>","protected":false},"featured_media":7517,"template":"","meta":[],"_links":{"self":[{"href":"https:\/\/www.radiomarket.fi\/en\/wp-json\/wp\/v2\/product\/22584"}],"collection":[{"href":"https:\/\/www.radiomarket.fi\/en\/wp-json\/wp\/v2\/product"}],"about":[{"href":"https:\/\/www.radiomarket.fi\/en\/wp-json\/wp\/v2\/types\/product"}],"wp:featuredmedia":[{"embeddable":true,"href":"https:\/\/www.radiomarket.fi\/en\/wp-json\/wp\/v2\/media\/7517"}],"wp:attachment":[{"href":"https:\/\/www.radiomarket.fi\/en\/wp-json\/wp\/v2\/media?parent=22584"}],"curies":[{"name":"wp","href":"https:\/\/api.w.org\/{rel}","templated":true}]}}