{"id":22651,"date":"2025-11-17T11:29:28","date_gmt":"2025-11-17T09:29:28","guid":{"rendered":"https:\/\/www.radiomarket.fi\/tuote\/ekua6410-tuntematon-sh-n-44-c\/"},"modified":"2025-11-17T15:06:22","modified_gmt":"2025-11-17T13:06:22","slug":"ekua6410-tuntematon-sh-n-44-c","status":"publish","type":"product","link":"https:\/\/www.radiomarket.fi\/en\/kohde\/ekua6410-tuntematon-sh-n-44-c\/","title":{"rendered":"EKUA6410 Replacement stylus for SH N 44-C No 332 (EKUM)"},"content":{"rendered":"<p>Ilmeisesti sek\u00e4 k\u00e4ytettyj\u00e4 ett\u00e4 k\u00e4ytt\u00e4m\u00e4tt\u00f6mi\u00e4. Myyd\u00e4\u00e4n paremmuusj\u00e4rjestyksess\u00e4. Katso my\u00f6s EKUA6410X.<\/p>","protected":false},"excerpt":{"rendered":"<p>Ilmeisesti sek\u00e4 k\u00e4ytettyj\u00e4 ett\u00e4 k\u00e4ytt\u00e4m\u00e4tt\u00f6mi\u00e4. Myyd\u00e4\u00e4n paremmuusj\u00e4rjestyksess\u00e4. Katso my\u00f6s EKUA6410X.<\/p>","protected":false},"featured_media":7382,"template":"","meta":[],"_links":{"self":[{"href":"https:\/\/www.radiomarket.fi\/en\/wp-json\/wp\/v2\/product\/22651"}],"collection":[{"href":"https:\/\/www.radiomarket.fi\/en\/wp-json\/wp\/v2\/product"}],"about":[{"href":"https:\/\/www.radiomarket.fi\/en\/wp-json\/wp\/v2\/types\/product"}],"wp:featuredmedia":[{"embeddable":true,"href":"https:\/\/www.radiomarket.fi\/en\/wp-json\/wp\/v2\/media\/7382"}],"wp:attachment":[{"href":"https:\/\/www.radiomarket.fi\/en\/wp-json\/wp\/v2\/media?parent=22651"}],"curies":[{"name":"wp","href":"https:\/\/api.w.org\/{rel}","templated":true}]}}