{"id":22671,"date":"2020-10-05T11:29:37","date_gmt":"2020-10-05T08:29:37","guid":{"rendered":"https:\/\/www.radiomarket.fi\/tuote\/ekua6294-tuntematon-rakennussarjaradio\/"},"modified":"2023-03-07T13:43:02","modified_gmt":"2023-03-07T11:43:02","slug":"ekua6294-tuntematon-rakennussarjaradio","status":"publish","type":"product","link":"https:\/\/www.radiomarket.fi\/en\/kohde\/ekua6294-tuntematon-rakennussarjaradio\/","title":{"rendered":"EKUA6294 Rakennussarjaradio (EKUB)"},"content":{"rendered":"Tarkoitettu 6-12 -vuotiaille. Ilmeisesti jonkun koululuokan radioita. Alkuper\u00e4ispakkauksessa 22,5&#215;12,7&#215;3,7cm. Mukana alkuper\u00e4iset tai kopioidut ven\u00e4j\u00e4nkieliset ohjeet. Kuoret valkoista ja vaalenapunaista tai vaaleanharmaata muovia. Vaihtelevan kuntoisia, myyd\u00e4\u00e4n paremmuusj\u00e4rjestyksess\u00e4.","protected":false},"excerpt":{"rendered":"<p>Tarkoitettu 6-12 -vuotiaille. Ilmeisesti jonkun koululuokan radioita. Alkuper\u00e4ispakkauksessa 22,5&#215;12,7&#215;3,7cm. Mukana alkuper\u00e4iset tai kopioidut ven\u00e4j\u00e4nkieliset ohjeet. Kuoret valkoista ja vaalenapunaista tai vaaleanharmaata muovia. Vaihtelevan kuntoisia, myyd\u00e4\u00e4n paremmuusj\u00e4rjestyksess\u00e4.<\/p>","protected":false},"featured_media":7346,"template":"","meta":[],"_links":{"self":[{"href":"https:\/\/www.radiomarket.fi\/en\/wp-json\/wp\/v2\/product\/22671"}],"collection":[{"href":"https:\/\/www.radiomarket.fi\/en\/wp-json\/wp\/v2\/product"}],"about":[{"href":"https:\/\/www.radiomarket.fi\/en\/wp-json\/wp\/v2\/types\/product"}],"wp:featuredmedia":[{"embeddable":true,"href":"https:\/\/www.radiomarket.fi\/en\/wp-json\/wp\/v2\/media\/7346"}],"wp:attachment":[{"href":"https:\/\/www.radiomarket.fi\/en\/wp-json\/wp\/v2\/media?parent=22671"}],"curies":[{"name":"wp","href":"https:\/\/api.w.org\/{rel}","templated":true}]}}