{"id":22681,"date":"2024-09-18T11:29:42","date_gmt":"2024-09-18T08:29:42","guid":{"rendered":"https:\/\/www.radiomarket.fi\/tuote\/ekua6282-fenno-matkaradio\/"},"modified":"2024-09-18T16:46:23","modified_gmt":"2024-09-18T13:46:23","slug":"ekua6282-fenno-matkaradio","status":"publish","type":"product","link":"https:\/\/www.radiomarket.fi\/en\/kohde\/ekua6282-fenno-matkaradio\/","title":{"rendered":"EKUA6282 Fenno 443PT(?) matkaradio (EKUM\/EKUS)"},"content":{"rendered":"<p>Vaaka-asteikko. Antenni poikki. Tummanharmaat\/hopeanv\u00e4riset kuoret. Myyd\u00e4\u00e4n ilman autotelinett\u00e4.<br \/><br \/>Ei tutkittu tarkemmin. Katso my\u00f6s EKUA6283 ja EKUA2888.<br \/><br \/>Vastaava radio Philipsin\u00e4 Philips Auto-Ilona.\u00a0<\/p>","protected":false},"excerpt":{"rendered":"<p>Vaaka-asteikko. Antenni poikki. Tummanharmaat\/hopeanv\u00e4riset kuoret. Myyd\u00e4\u00e4n ilman autotelinett\u00e4.Ei tutkittu tarkemmin. Katso my\u00f6s EKUA6283 ja EKUA2888.Vastaava radio Philipsin\u00e4 Philips Auto-Ilona.\u00a0<\/p>","protected":false},"featured_media":7318,"template":"","meta":[],"_links":{"self":[{"href":"https:\/\/www.radiomarket.fi\/en\/wp-json\/wp\/v2\/product\/22681"}],"collection":[{"href":"https:\/\/www.radiomarket.fi\/en\/wp-json\/wp\/v2\/product"}],"about":[{"href":"https:\/\/www.radiomarket.fi\/en\/wp-json\/wp\/v2\/types\/product"}],"wp:featuredmedia":[{"embeddable":true,"href":"https:\/\/www.radiomarket.fi\/en\/wp-json\/wp\/v2\/media\/7318"}],"wp:attachment":[{"href":"https:\/\/www.radiomarket.fi\/en\/wp-json\/wp\/v2\/media?parent=22681"}],"curies":[{"name":"wp","href":"https:\/\/api.w.org\/{rel}","templated":true}]}}