{"id":22691,"date":"2020-10-05T11:29:46","date_gmt":"2020-10-05T08:29:46","guid":{"rendered":"https:\/\/www.radiomarket.fi\/tuote\/ekua6271-tuntematon-kelanauhurin-aanipaan-kansi\/"},"modified":"2021-04-21T13:30:24","modified_gmt":"2021-04-21T10:30:24","slug":"ekua6271-tuntematon-kelanauhurin-aanipaan-suoja","status":"publish","type":"product","link":"https:\/\/www.radiomarket.fi\/en\/kohde\/ekua6271-tuntematon-kelanauhurin-aanipaan-suoja\/","title":{"rendered":"EKUA6271 Tuntematon Kelanauhurin \u00e4\u00e4nip\u00e4\u00e4n suoja"},"content":{"rendered":"<p>Stereo 4-raita. Metallia.<\/p>","protected":false},"excerpt":{"rendered":"<p>Stereo 4-raita. Metallia.<\/p>","protected":false},"featured_media":7295,"template":"","meta":[],"_links":{"self":[{"href":"https:\/\/www.radiomarket.fi\/en\/wp-json\/wp\/v2\/product\/22691"}],"collection":[{"href":"https:\/\/www.radiomarket.fi\/en\/wp-json\/wp\/v2\/product"}],"about":[{"href":"https:\/\/www.radiomarket.fi\/en\/wp-json\/wp\/v2\/types\/product"}],"wp:featuredmedia":[{"embeddable":true,"href":"https:\/\/www.radiomarket.fi\/en\/wp-json\/wp\/v2\/media\/7295"}],"wp:attachment":[{"href":"https:\/\/www.radiomarket.fi\/en\/wp-json\/wp\/v2\/media?parent=22691"}],"curies":[{"name":"wp","href":"https:\/\/api.w.org\/{rel}","templated":true}]}}