{"id":22722,"date":"2020-10-05T11:30:01","date_gmt":"2020-10-05T08:30:01","guid":{"rendered":"https:\/\/www.radiomarket.fi\/tuote\/ekua6239-tuntematon-part-no-130580-01\/"},"modified":"2025-02-22T12:34:20","modified_gmt":"2025-02-22T10:34:20","slug":"ekua6239-tuntematon-part-no-130580-01","status":"publish","type":"product","link":"https:\/\/www.radiomarket.fi\/en\/kohde\/ekua6239-tuntematon-part-no-130580-01\/","title":{"rendered":"EKUA6239 servomoottori Part No. 130580-01"},"content":{"rendered":"Draken-h\u00e4vitt\u00e4j\u00e4st\u00e4?","protected":false},"excerpt":{"rendered":"<p>Draken-h\u00e4vitt\u00e4j\u00e4st\u00e4?<\/p>","protected":false},"featured_media":7211,"template":"","meta":[],"_links":{"self":[{"href":"https:\/\/www.radiomarket.fi\/en\/wp-json\/wp\/v2\/product\/22722"}],"collection":[{"href":"https:\/\/www.radiomarket.fi\/en\/wp-json\/wp\/v2\/product"}],"about":[{"href":"https:\/\/www.radiomarket.fi\/en\/wp-json\/wp\/v2\/types\/product"}],"wp:featuredmedia":[{"embeddable":true,"href":"https:\/\/www.radiomarket.fi\/en\/wp-json\/wp\/v2\/media\/7211"}],"wp:attachment":[{"href":"https:\/\/www.radiomarket.fi\/en\/wp-json\/wp\/v2\/media?parent=22722"}],"curies":[{"name":"wp","href":"https:\/\/api.w.org\/{rel}","templated":true}]}}