{"id":22727,"date":"2020-10-05T11:30:02","date_gmt":"2020-10-05T08:30:02","guid":{"rendered":"https:\/\/www.radiomarket.fi\/tuote\/ekua6233-sennheiser-md-441\/"},"modified":"2024-05-15T13:50:12","modified_gmt":"2024-05-15T10:50:12","slug":"ekua6233-sennheiser-md-441","status":"publish","type":"product","link":"https:\/\/www.radiomarket.fi\/en\/kohde\/ekua6233-sennheiser-md-441\/","title":{"rendered":"EKUA6233 Sennheiser MD 441 (EKUM)"},"content":{"rendered":"<p>Valmistaja teki pidikkeen jo alun perin sellaisesta muovista, joka rikkoutuu helposti. Lis\u00e4ksi siin\u00e4 on pieni lukitusnipukka, joka katkeaa ensimm\u00e4iseksi, jos sit\u00e4 ei ensin paineta auki, vaan yritet\u00e4\u00e4n irrottaa mikrofonia v\u00e4kisin. T\u00e4st\u00e4 syyst\u00e4 l\u00e4hes kaikkien MD 441 -mikrofonien pidike on rikki.<\/p><p>Halkeama n\u00e4kyy kuvissa.<\/p>","protected":false},"excerpt":{"rendered":"<p>Valmistaja teki pidikkeen jo alun perin sellaisesta muovista, joka rikkoutuu helposti. Lis\u00e4ksi siin\u00e4 on pieni lukitusnipukka, joka katkeaa ensimm\u00e4iseksi, jos sit\u00e4 ei ensin paineta auki, vaan yritet\u00e4\u00e4n irrottaa mikrofonia v\u00e4kisin. T\u00e4st\u00e4 syyst\u00e4 l\u00e4hes kaikkien MD 441 -mikrofonien pidike on rikki.Halkeama n\u00e4kyy kuvissa.<\/p>","protected":false},"featured_media":7199,"template":"","meta":[],"_links":{"self":[{"href":"https:\/\/www.radiomarket.fi\/en\/wp-json\/wp\/v2\/product\/22727"}],"collection":[{"href":"https:\/\/www.radiomarket.fi\/en\/wp-json\/wp\/v2\/product"}],"about":[{"href":"https:\/\/www.radiomarket.fi\/en\/wp-json\/wp\/v2\/types\/product"}],"wp:featuredmedia":[{"embeddable":true,"href":"https:\/\/www.radiomarket.fi\/en\/wp-json\/wp\/v2\/media\/7199"}],"wp:attachment":[{"href":"https:\/\/www.radiomarket.fi\/en\/wp-json\/wp\/v2\/media?parent=22727"}],"curies":[{"name":"wp","href":"https:\/\/api.w.org\/{rel}","templated":true}]}}