{"id":22750,"date":"2024-01-11T02:30:14","date_gmt":"2024-01-11T00:30:14","guid":{"rendered":"https:\/\/www.radiomarket.fi\/tuote\/ekua6208-tuntematon-muuntaja\/"},"modified":"2024-01-11T02:32:02","modified_gmt":"2024-01-11T00:32:02","slug":"ekua6208-tuntematon-muuntaja","status":"publish","type":"product","link":"https:\/\/www.radiomarket.fi\/en\/kohde\/ekua6208-tuntematon-muuntaja\/","title":{"rendered":"EKUA6208 Muuntaja (EKUS)"},"content":{"rendered":"<p>Muuntajia ei ole p\u00e4\u00e4s\u00e4\u00e4nt\u00f6isesti testattu, mutta resistanssi on mitattu, mik\u00e4li se on tuotetiedoissa ilmoitettu. Lis\u00e4\u00e4 muuntajia kategoriassa Muuntajat ja verkkolaitteet. Varmistathan tarvittaessa fyysisten mittojen sopivuuden.<\/p>","protected":false},"excerpt":{"rendered":"<p>Muuntajia ei ole p\u00e4\u00e4s\u00e4\u00e4nt\u00f6isesti testattu, mutta resistanssi on mitattu, mik\u00e4li se on tuotetiedoissa ilmoitettu. Lis\u00e4\u00e4 muuntajia kategoriassa Muuntajat ja verkkolaitteet. Varmistathan tarvittaessa fyysisten mittojen sopivuuden.<\/p>","protected":false},"featured_media":7138,"template":"","meta":[],"_links":{"self":[{"href":"https:\/\/www.radiomarket.fi\/en\/wp-json\/wp\/v2\/product\/22750"}],"collection":[{"href":"https:\/\/www.radiomarket.fi\/en\/wp-json\/wp\/v2\/product"}],"about":[{"href":"https:\/\/www.radiomarket.fi\/en\/wp-json\/wp\/v2\/types\/product"}],"wp:featuredmedia":[{"embeddable":true,"href":"https:\/\/www.radiomarket.fi\/en\/wp-json\/wp\/v2\/media\/7138"}],"wp:attachment":[{"href":"https:\/\/www.radiomarket.fi\/en\/wp-json\/wp\/v2\/media?parent=22750"}],"curies":[{"name":"wp","href":"https:\/\/api.w.org\/{rel}","templated":true}]}}