{"id":22760,"date":"2020-10-05T11:30:20","date_gmt":"2020-10-05T08:30:20","guid":{"rendered":"https:\/\/www.radiomarket.fi\/tuote\/ekua6198-siemens-halske-lennatin\/"},"modified":"2020-11-01T09:09:29","modified_gmt":"2020-11-01T07:09:29","slug":"ekua6198-siemens-halske-lennatin","status":"publish","type":"product","link":"https:\/\/www.radiomarket.fi\/en\/kohde\/ekua6198-siemens-halske-lennatin\/","title":{"rendered":"EKUA6198 Siemens &amp; Halske Lenn\u00e4tin"},"content":{"rendered":"Useita osia puuttuu. Messinki\u00e4.","protected":false},"excerpt":{"rendered":"<p>Useita osia puuttuu. Messinki\u00e4.<\/p>","protected":false},"featured_media":7106,"template":"","meta":[],"_links":{"self":[{"href":"https:\/\/www.radiomarket.fi\/en\/wp-json\/wp\/v2\/product\/22760"}],"collection":[{"href":"https:\/\/www.radiomarket.fi\/en\/wp-json\/wp\/v2\/product"}],"about":[{"href":"https:\/\/www.radiomarket.fi\/en\/wp-json\/wp\/v2\/types\/product"}],"wp:featuredmedia":[{"embeddable":true,"href":"https:\/\/www.radiomarket.fi\/en\/wp-json\/wp\/v2\/media\/7106"}],"wp:attachment":[{"href":"https:\/\/www.radiomarket.fi\/en\/wp-json\/wp\/v2\/media?parent=22760"}],"curies":[{"name":"wp","href":"https:\/\/api.w.org\/{rel}","templated":true}]}}